{"id":3721,"date":"2024-03-13T18:19:40","date_gmt":"2024-03-13T17:19:40","guid":{"rendered":"https:\/\/249challenge.com\/?post_type=product&#038;p=3721"},"modified":"2024-04-26T21:52:01","modified_gmt":"2024-04-26T19:52:01","slug":"przebiegne-maraton-w-kazdym-kraju-swiata-66-maratonow-w-66-krajach","status":"publish","type":"product","link":"https:\/\/249challenge.com\/en\/produkt\/przebiegne-maraton-w-kazdym-kraju-swiata-66-maratonow-w-66-krajach\/","title":{"rendered":"Przebiegn\u0119 maraton w ka\u017cdym kraju \u015bwiata! 66 maraton\u00f3w w 66 krajach"},"content":{"rendered":"<p class=\"qtranxs-available-languages-message qtranxs-available-languages-message-en\">Sorry, this entry is only available in <a href=\"https:\/\/249challenge.com\/pl\/wp-json\/wp\/v2\/product\/3721\" class=\"qtranxs-available-language-link qtranxs-available-language-link-pl\" title=\"Polski\">Polski<\/a>.<\/p>","protected":false},"excerpt":{"rendered":"<p>Sorry, this entry is only available in Polski.<\/p>\n","protected":false},"featured_media":3722,"template":"","meta":[],"product_cat":[42],"product_tag":[],"class_list":{"0":"post-3721","1":"product","2":"type-product","3":"status-publish","4":"has-post-thumbnail","6":"product_cat-ksiazki","8":"first","9":"instock","10":"taxable","11":"shipping-taxable","12":"purchasable","13":"product-type-simple"},"yoast_head":"<!-- This site is optimized with the Yoast SEO plugin v25.6 - https:\/\/yoast.com\/wordpress\/plugins\/seo\/ -->\n<title>Przebiegn\u0119 maraton w ka\u017cdym kraju \u015bwiata! 66 maraton\u00f3w w 66 krajach - 249challenge<\/title>\n<meta name=\"robots\" content=\"noindex, follow\" \/>\n<meta property=\"og:locale\" content=\"en_US\" \/>\n<meta property=\"og:type\" content=\"article\" \/>\n<meta property=\"og:title\" content=\"Przebiegn\u0119 maraton w ka\u017cdym kraju \u015bwiata! 66 maraton\u00f3w w 66 krajach - 249challenge\" \/>\n<meta property=\"og:description\" content=\"Sorry, this entry is only available in Polski.\" \/>\n<meta property=\"og:url\" content=\"https:\/\/249challenge.com\/en\/produkt\/przebiegne-maraton-w-kazdym-kraju-swiata-66-maratonow-w-66-krajach\/\" \/>\n<meta property=\"og:site_name\" content=\"249challenge\" \/>\n<meta property=\"article:modified_time\" content=\"2024-04-26T19:52:01+00:00\" \/>\n<meta property=\"og:image\" content=\"https:\/\/249challenge.com\/wp-content\/uploads\/3Dbez-tlaPrzebiegne-maraton-w-kazdym-kraju-swiata__-elibri__RGB72dpi-888x1024.png\" \/>\n\t<meta property=\"og:image:width\" content=\"888\" \/>\n\t<meta property=\"og:image:height\" content=\"1024\" \/>\n\t<meta property=\"og:image:type\" content=\"image\/png\" \/>\n<meta name=\"twitter:card\" content=\"summary_large_image\" \/>\n<meta name=\"twitter:label1\" content=\"Est. reading time\" \/>\n\t<meta name=\"twitter:data1\" content=\"1 minute\" \/>\n<script type=\"application\/ld+json\" class=\"yoast-schema-graph\">{\"@context\":\"https:\/\/schema.org\",\"@graph\":[{\"@type\":\"WebPage\",\"@id\":\"https:\/\/249challenge.com\/en\/produkt\/przebiegne-maraton-w-kazdym-kraju-swiata-66-maratonow-w-66-krajach\/\",\"url\":\"https:\/\/249challenge.com\/en\/produkt\/przebiegne-maraton-w-kazdym-kraju-swiata-66-maratonow-w-66-krajach\/\",\"name\":\"Przebiegn\u0119 maraton w ka\u017cdym kraju \u015bwiata! 66 maraton\u00f3w w 66 krajach - 249challenge\",\"isPartOf\":{\"@id\":\"https:\/\/249challenge.com\/#website\"},\"primaryImageOfPage\":{\"@id\":\"https:\/\/249challenge.com\/en\/produkt\/przebiegne-maraton-w-kazdym-kraju-swiata-66-maratonow-w-66-krajach\/#primaryimage\"},\"image\":{\"@id\":\"https:\/\/249challenge.com\/en\/produkt\/przebiegne-maraton-w-kazdym-kraju-swiata-66-maratonow-w-66-krajach\/#primaryimage\"},\"thumbnailUrl\":\"https:\/\/249challenge.com\/wp-content\/uploads\/3Dbez-tlaPrzebiegne-maraton-w-kazdym-kraju-swiata__-elibri__RGB72dpi.png\",\"datePublished\":\"2024-03-13T17:19:40+00:00\",\"dateModified\":\"2024-04-26T19:52:01+00:00\",\"breadcrumb\":{\"@id\":\"https:\/\/249challenge.com\/en\/produkt\/przebiegne-maraton-w-kazdym-kraju-swiata-66-maratonow-w-66-krajach\/#breadcrumb\"},\"inLanguage\":\"en-US\",\"potentialAction\":[{\"@type\":\"ReadAction\",\"target\":[\"https:\/\/249challenge.com\/en\/produkt\/przebiegne-maraton-w-kazdym-kraju-swiata-66-maratonow-w-66-krajach\/\"]}]},{\"@type\":\"ImageObject\",\"inLanguage\":\"en-US\",\"@id\":\"https:\/\/249challenge.com\/en\/produkt\/przebiegne-maraton-w-kazdym-kraju-swiata-66-maratonow-w-66-krajach\/#primaryimage\",\"url\":\"https:\/\/249challenge.com\/wp-content\/uploads\/3Dbez-tlaPrzebiegne-maraton-w-kazdym-kraju-swiata__-elibri__RGB72dpi.png\",\"contentUrl\":\"https:\/\/249challenge.com\/wp-content\/uploads\/3Dbez-tlaPrzebiegne-maraton-w-kazdym-kraju-swiata__-elibri__RGB72dpi.png\",\"width\":1600,\"height\":1846},{\"@type\":\"BreadcrumbList\",\"@id\":\"https:\/\/249challenge.com\/en\/produkt\/przebiegne-maraton-w-kazdym-kraju-swiata-66-maratonow-w-66-krajach\/#breadcrumb\",\"itemListElement\":[{\"@type\":\"ListItem\",\"position\":1,\"name\":\"Strona g\u0142\u00f3wna\",\"item\":\"https:\/\/249challenge.com\/\"},{\"@type\":\"ListItem\",\"position\":2,\"name\":\"Produkty\",\"item\":\"https:\/\/249challenge.com\/shop\/\"},{\"@type\":\"ListItem\",\"position\":3,\"name\":\"Przebiegn\u0119 maraton w ka\u017cdym kraju \u015bwiata! 66 maraton\u00f3w w 66 krajach\"}]},{\"@type\":\"WebSite\",\"@id\":\"https:\/\/249challenge.com\/#website\",\"url\":\"https:\/\/249challenge.com\/\",\"name\":\"249challenge\",\"description\":\"Marathon in every country in the world.\",\"potentialAction\":[{\"@type\":\"SearchAction\",\"target\":{\"@type\":\"EntryPoint\",\"urlTemplate\":\"https:\/\/249challenge.com\/?s={search_term_string}\"},\"query-input\":{\"@type\":\"PropertyValueSpecification\",\"valueRequired\":true,\"valueName\":\"search_term_string\"}}],\"inLanguage\":\"en-US\"}]}<\/script>\n<!-- \/ Yoast SEO plugin. -->","yoast_head_json":{"title":"Przebiegn\u0119 maraton w ka\u017cdym kraju \u015bwiata! 66 maraton\u00f3w w 66 krajach - 249challenge","robots":{"index":"noindex","follow":"follow"},"og_locale":"en_US","og_type":"article","og_title":"Przebiegn\u0119 maraton w ka\u017cdym kraju \u015bwiata! 66 maraton\u00f3w w 66 krajach - 249challenge","og_description":"Sorry, this entry is only available in Polski.","og_url":"https:\/\/249challenge.com\/en\/produkt\/przebiegne-maraton-w-kazdym-kraju-swiata-66-maratonow-w-66-krajach\/","og_site_name":"249challenge","article_modified_time":"2024-04-26T19:52:01+00:00","og_image":[{"width":888,"height":1024,"url":"https:\/\/249challenge.com\/wp-content\/uploads\/3Dbez-tlaPrzebiegne-maraton-w-kazdym-kraju-swiata__-elibri__RGB72dpi-888x1024.png","type":"image\/png"}],"twitter_card":"summary_large_image","twitter_misc":{"Est. reading time":"1 minute"},"schema":{"@context":"https:\/\/schema.org","@graph":[{"@type":"WebPage","@id":"https:\/\/249challenge.com\/en\/produkt\/przebiegne-maraton-w-kazdym-kraju-swiata-66-maratonow-w-66-krajach\/","url":"https:\/\/249challenge.com\/en\/produkt\/przebiegne-maraton-w-kazdym-kraju-swiata-66-maratonow-w-66-krajach\/","name":"Przebiegn\u0119 maraton w ka\u017cdym kraju \u015bwiata! 66 maraton\u00f3w w 66 krajach - 249challenge","isPartOf":{"@id":"https:\/\/249challenge.com\/#website"},"primaryImageOfPage":{"@id":"https:\/\/249challenge.com\/en\/produkt\/przebiegne-maraton-w-kazdym-kraju-swiata-66-maratonow-w-66-krajach\/#primaryimage"},"image":{"@id":"https:\/\/249challenge.com\/en\/produkt\/przebiegne-maraton-w-kazdym-kraju-swiata-66-maratonow-w-66-krajach\/#primaryimage"},"thumbnailUrl":"https:\/\/249challenge.com\/wp-content\/uploads\/3Dbez-tlaPrzebiegne-maraton-w-kazdym-kraju-swiata__-elibri__RGB72dpi.png","datePublished":"2024-03-13T17:19:40+00:00","dateModified":"2024-04-26T19:52:01+00:00","breadcrumb":{"@id":"https:\/\/249challenge.com\/en\/produkt\/przebiegne-maraton-w-kazdym-kraju-swiata-66-maratonow-w-66-krajach\/#breadcrumb"},"inLanguage":"en-US","potentialAction":[{"@type":"ReadAction","target":["https:\/\/249challenge.com\/en\/produkt\/przebiegne-maraton-w-kazdym-kraju-swiata-66-maratonow-w-66-krajach\/"]}]},{"@type":"ImageObject","inLanguage":"en-US","@id":"https:\/\/249challenge.com\/en\/produkt\/przebiegne-maraton-w-kazdym-kraju-swiata-66-maratonow-w-66-krajach\/#primaryimage","url":"https:\/\/249challenge.com\/wp-content\/uploads\/3Dbez-tlaPrzebiegne-maraton-w-kazdym-kraju-swiata__-elibri__RGB72dpi.png","contentUrl":"https:\/\/249challenge.com\/wp-content\/uploads\/3Dbez-tlaPrzebiegne-maraton-w-kazdym-kraju-swiata__-elibri__RGB72dpi.png","width":1600,"height":1846},{"@type":"BreadcrumbList","@id":"https:\/\/249challenge.com\/en\/produkt\/przebiegne-maraton-w-kazdym-kraju-swiata-66-maratonow-w-66-krajach\/#breadcrumb","itemListElement":[{"@type":"ListItem","position":1,"name":"Strona g\u0142\u00f3wna","item":"https:\/\/249challenge.com\/"},{"@type":"ListItem","position":2,"name":"Produkty","item":"https:\/\/249challenge.com\/shop\/"},{"@type":"ListItem","position":3,"name":"Przebiegn\u0119 maraton w ka\u017cdym kraju \u015bwiata! 66 maraton\u00f3w w 66 krajach"}]},{"@type":"WebSite","@id":"https:\/\/249challenge.com\/#website","url":"https:\/\/249challenge.com\/","name":"249challenge","description":"Marathon in every country in the world.","potentialAction":[{"@type":"SearchAction","target":{"@type":"EntryPoint","urlTemplate":"https:\/\/249challenge.com\/?s={search_term_string}"},"query-input":{"@type":"PropertyValueSpecification","valueRequired":true,"valueName":"search_term_string"}}],"inLanguage":"en-US"}]}},"_links":{"self":[{"href":"https:\/\/249challenge.com\/en\/wp-json\/wp\/v2\/product\/3721"}],"collection":[{"href":"https:\/\/249challenge.com\/en\/wp-json\/wp\/v2\/product"}],"about":[{"href":"https:\/\/249challenge.com\/en\/wp-json\/wp\/v2\/types\/product"}],"wp:featuredmedia":[{"embeddable":true,"href":"https:\/\/249challenge.com\/en\/wp-json\/wp\/v2\/media\/3722"}],"wp:attachment":[{"href":"https:\/\/249challenge.com\/en\/wp-json\/wp\/v2\/media?parent=3721"}],"wp:term":[{"taxonomy":"product_cat","embeddable":true,"href":"https:\/\/249challenge.com\/en\/wp-json\/wp\/v2\/product_cat?post=3721"},{"taxonomy":"product_tag","embeddable":true,"href":"https:\/\/249challenge.com\/en\/wp-json\/wp\/v2\/product_tag?post=3721"}],"curies":[{"name":"wp","href":"https:\/\/api.w.org\/{rel}","templated":true}]}}