{"id":3360,"date":"2022-08-08T19:19:23","date_gmt":"2022-08-08T17:19:23","guid":{"rendered":"https:\/\/249challenge.com\/?post_type=product&#038;p=3360"},"modified":"2022-08-08T21:47:04","modified_gmt":"2022-08-08T19:47:04","slug":"algorytm-osobisty","status":"publish","type":"product","link":"https:\/\/249challenge.com\/en\/produkt\/algorytm-osobisty\/","title":{"rendered":"Algorytm osobisty"},"content":{"rendered":"<p class=\"qtranxs-available-languages-message qtranxs-available-languages-message-en\">Sorry, this entry is only available in <a href=\"https:\/\/249challenge.com\/pl\/wp-json\/wp\/v2\/product\/3360\" class=\"qtranxs-available-language-link qtranxs-available-language-link-pl\" title=\"Polski\">Polski<\/a>.<\/p>","protected":false},"excerpt":{"rendered":"<p class=\"qtranxs-available-languages-message qtranxs-available-languages-message-en\">Sorry, this entry is only available in <a href=\"https:\/\/249challenge.com\/pl\/wp-json\/wp\/v2\/product\/3360\" class=\"qtranxs-available-language-link qtranxs-available-language-link-pl\" title=\"Polski\">Polski<\/a>.<\/p>\n","protected":false},"featured_media":3361,"template":"","meta":[],"product_cat":[42],"product_tag":[],"class_list":{"0":"post-3360","1":"product","2":"type-product","3":"status-publish","4":"has-post-thumbnail","6":"product_cat-ksiazki","8":"first","9":"instock","10":"taxable","11":"shipping-taxable","12":"purchasable","13":"product-type-simple"},"yoast_head":"<!-- This site is optimized with the Yoast SEO plugin v25.6 - https:\/\/yoast.com\/wordpress\/plugins\/seo\/ -->\n<title>Algorytm osobisty - 249challenge<\/title>\n<meta name=\"robots\" content=\"noindex, nofollow\" \/>\n<meta property=\"og:locale\" content=\"en_US\" \/>\n<meta property=\"og:type\" content=\"article\" \/>\n<meta property=\"og:title\" content=\"Algorytm osobisty - 249challenge\" \/>\n<meta property=\"og:description\" content=\"[:pl]\ud83d\udcdaALGORYTM OSOBISTY \ud83d\udcda  Algorytm osobisty, to ju\u017c trzeci projekt, kt\u00f3ry realizujemy wsp\u00f3lnie z Tomkiem S\u0142odkim. 49 specjalist\u00f3w oraz troje ludzi kultury (Anna Dymna, Kuba Sienkiewicz, Ryszard Kalisz) pr\u00f3buj\u0105 znale\u017a\u0107 odpowied\u017a na pytanie - jak zrobi\u0107, \u017ceby si\u0119 bardziej chcia\u0142o?  \u27a1 W\u015br\u00f3d grona tych os\u00f3b jestem tak\u017ce ja i m\u00f3j algorytm osobisty, dlatego tym serdeczniej zapraszam do zam\u00f3wienia ksi\u0105\u017cki.  \u27a1 Ta ksi\u0105\u017cka dla wszystkich tych, kt\u00f3rzy czuj\u0105, \u017ce potrzebuj\u0105 dodatkowej motywacji, odk\u0142adaj\u0105 rzeczy na p\u00f3\u017aniej, boj\u0105 si\u0119 zmian albo po prostu chc\u0105 si\u0119 zmotywowa\u0107.  \u27a1 Kupuj\u0105c ksi\u0105\u017ck\u0119 dostajesz w pakiecie prawie 17 godzin podcast\u00f3w czyli ponad 1012 minut d\u017awi\u0119k\u00f3w, kt\u00f3re s\u0105 uzupe\u0142nieniem tekst\u00f3w. Warto wi\u0119c nie tylko przeczyta\u0107, ale r\u00f3wnie\u017c i pos\u0142ucha\u0107.[:]\" \/>\n<meta property=\"og:url\" content=\"https:\/\/249challenge.com\/en\/produkt\/algorytm-osobisty\/\" \/>\n<meta property=\"og:site_name\" content=\"249challenge\" \/>\n<meta property=\"article:modified_time\" content=\"2022-08-08T19:47:04+00:00\" \/>\n<meta property=\"og:image\" content=\"https:\/\/249challenge.com\/wp-content\/uploads\/Wojtek_okladka.png\" \/>\n\t<meta property=\"og:image:width\" content=\"1080\" \/>\n\t<meta property=\"og:image:height\" content=\"1080\" \/>\n\t<meta property=\"og:image:type\" content=\"image\/png\" \/>\n<meta name=\"twitter:card\" content=\"summary_large_image\" \/>\n<meta name=\"twitter:label1\" content=\"Est. reading time\" \/>\n\t<meta name=\"twitter:data1\" content=\"4 minutes\" \/>\n<script type=\"application\/ld+json\" class=\"yoast-schema-graph\">{\"@context\":\"https:\/\/schema.org\",\"@graph\":[{\"@type\":\"WebPage\",\"@id\":\"https:\/\/249challenge.com\/en\/produkt\/algorytm-osobisty\/\",\"url\":\"https:\/\/249challenge.com\/en\/produkt\/algorytm-osobisty\/\",\"name\":\"Algorytm osobisty - 249challenge\",\"isPartOf\":{\"@id\":\"https:\/\/249challenge.com\/#website\"},\"primaryImageOfPage\":{\"@id\":\"https:\/\/249challenge.com\/en\/produkt\/algorytm-osobisty\/#primaryimage\"},\"image\":{\"@id\":\"https:\/\/249challenge.com\/en\/produkt\/algorytm-osobisty\/#primaryimage\"},\"thumbnailUrl\":\"https:\/\/249challenge.com\/wp-content\/uploads\/Wojtek_okladka.png\",\"datePublished\":\"2022-08-08T17:19:23+00:00\",\"dateModified\":\"2022-08-08T19:47:04+00:00\",\"breadcrumb\":{\"@id\":\"https:\/\/249challenge.com\/en\/produkt\/algorytm-osobisty\/#breadcrumb\"},\"inLanguage\":\"en-US\",\"potentialAction\":[{\"@type\":\"ReadAction\",\"target\":[\"https:\/\/249challenge.com\/en\/produkt\/algorytm-osobisty\/\"]}]},{\"@type\":\"ImageObject\",\"inLanguage\":\"en-US\",\"@id\":\"https:\/\/249challenge.com\/en\/produkt\/algorytm-osobisty\/#primaryimage\",\"url\":\"https:\/\/249challenge.com\/wp-content\/uploads\/Wojtek_okladka.png\",\"contentUrl\":\"https:\/\/249challenge.com\/wp-content\/uploads\/Wojtek_okladka.png\",\"width\":1080,\"height\":1080},{\"@type\":\"BreadcrumbList\",\"@id\":\"https:\/\/249challenge.com\/en\/produkt\/algorytm-osobisty\/#breadcrumb\",\"itemListElement\":[{\"@type\":\"ListItem\",\"position\":1,\"name\":\"Strona g\u0142\u00f3wna\",\"item\":\"https:\/\/249challenge.com\/\"},{\"@type\":\"ListItem\",\"position\":2,\"name\":\"Produkty\",\"item\":\"https:\/\/249challenge.com\/shop\/\"},{\"@type\":\"ListItem\",\"position\":3,\"name\":\"Algorytm osobisty\"}]},{\"@type\":\"WebSite\",\"@id\":\"https:\/\/249challenge.com\/#website\",\"url\":\"https:\/\/249challenge.com\/\",\"name\":\"249challenge\",\"description\":\"Marathon in every country in the world.\",\"potentialAction\":[{\"@type\":\"SearchAction\",\"target\":{\"@type\":\"EntryPoint\",\"urlTemplate\":\"https:\/\/249challenge.com\/?s={search_term_string}\"},\"query-input\":{\"@type\":\"PropertyValueSpecification\",\"valueRequired\":true,\"valueName\":\"search_term_string\"}}],\"inLanguage\":\"en-US\"}]}<\/script>\n<!-- \/ Yoast SEO plugin. -->","yoast_head_json":{"title":"Algorytm osobisty - 249challenge","robots":{"index":"noindex","follow":"nofollow"},"og_locale":"en_US","og_type":"article","og_title":"Algorytm osobisty - 249challenge","og_description":"[:pl]\ud83d\udcdaALGORYTM OSOBISTY \ud83d\udcda  Algorytm osobisty, to ju\u017c trzeci projekt, kt\u00f3ry realizujemy wsp\u00f3lnie z Tomkiem S\u0142odkim. 49 specjalist\u00f3w oraz troje ludzi kultury (Anna Dymna, Kuba Sienkiewicz, Ryszard Kalisz) pr\u00f3buj\u0105 znale\u017a\u0107 odpowied\u017a na pytanie - jak zrobi\u0107, \u017ceby si\u0119 bardziej chcia\u0142o?  \u27a1 W\u015br\u00f3d grona tych os\u00f3b jestem tak\u017ce ja i m\u00f3j algorytm osobisty, dlatego tym serdeczniej zapraszam do zam\u00f3wienia ksi\u0105\u017cki.  \u27a1 Ta ksi\u0105\u017cka dla wszystkich tych, kt\u00f3rzy czuj\u0105, \u017ce potrzebuj\u0105 dodatkowej motywacji, odk\u0142adaj\u0105 rzeczy na p\u00f3\u017aniej, boj\u0105 si\u0119 zmian albo po prostu chc\u0105 si\u0119 zmotywowa\u0107.  \u27a1 Kupuj\u0105c ksi\u0105\u017ck\u0119 dostajesz w pakiecie prawie 17 godzin podcast\u00f3w czyli ponad 1012 minut d\u017awi\u0119k\u00f3w, kt\u00f3re s\u0105 uzupe\u0142nieniem tekst\u00f3w. Warto wi\u0119c nie tylko przeczyta\u0107, ale r\u00f3wnie\u017c i pos\u0142ucha\u0107.[:]","og_url":"https:\/\/249challenge.com\/en\/produkt\/algorytm-osobisty\/","og_site_name":"249challenge","article_modified_time":"2022-08-08T19:47:04+00:00","og_image":[{"width":1080,"height":1080,"url":"https:\/\/249challenge.com\/wp-content\/uploads\/Wojtek_okladka.png","type":"image\/png"}],"twitter_card":"summary_large_image","twitter_misc":{"Est. reading time":"4 minutes"},"schema":{"@context":"https:\/\/schema.org","@graph":[{"@type":"WebPage","@id":"https:\/\/249challenge.com\/en\/produkt\/algorytm-osobisty\/","url":"https:\/\/249challenge.com\/en\/produkt\/algorytm-osobisty\/","name":"Algorytm osobisty - 249challenge","isPartOf":{"@id":"https:\/\/249challenge.com\/#website"},"primaryImageOfPage":{"@id":"https:\/\/249challenge.com\/en\/produkt\/algorytm-osobisty\/#primaryimage"},"image":{"@id":"https:\/\/249challenge.com\/en\/produkt\/algorytm-osobisty\/#primaryimage"},"thumbnailUrl":"https:\/\/249challenge.com\/wp-content\/uploads\/Wojtek_okladka.png","datePublished":"2022-08-08T17:19:23+00:00","dateModified":"2022-08-08T19:47:04+00:00","breadcrumb":{"@id":"https:\/\/249challenge.com\/en\/produkt\/algorytm-osobisty\/#breadcrumb"},"inLanguage":"en-US","potentialAction":[{"@type":"ReadAction","target":["https:\/\/249challenge.com\/en\/produkt\/algorytm-osobisty\/"]}]},{"@type":"ImageObject","inLanguage":"en-US","@id":"https:\/\/249challenge.com\/en\/produkt\/algorytm-osobisty\/#primaryimage","url":"https:\/\/249challenge.com\/wp-content\/uploads\/Wojtek_okladka.png","contentUrl":"https:\/\/249challenge.com\/wp-content\/uploads\/Wojtek_okladka.png","width":1080,"height":1080},{"@type":"BreadcrumbList","@id":"https:\/\/249challenge.com\/en\/produkt\/algorytm-osobisty\/#breadcrumb","itemListElement":[{"@type":"ListItem","position":1,"name":"Strona g\u0142\u00f3wna","item":"https:\/\/249challenge.com\/"},{"@type":"ListItem","position":2,"name":"Produkty","item":"https:\/\/249challenge.com\/shop\/"},{"@type":"ListItem","position":3,"name":"Algorytm osobisty"}]},{"@type":"WebSite","@id":"https:\/\/249challenge.com\/#website","url":"https:\/\/249challenge.com\/","name":"249challenge","description":"Marathon in every country in the world.","potentialAction":[{"@type":"SearchAction","target":{"@type":"EntryPoint","urlTemplate":"https:\/\/249challenge.com\/?s={search_term_string}"},"query-input":{"@type":"PropertyValueSpecification","valueRequired":true,"valueName":"search_term_string"}}],"inLanguage":"en-US"}]}},"_links":{"self":[{"href":"https:\/\/249challenge.com\/en\/wp-json\/wp\/v2\/product\/3360"}],"collection":[{"href":"https:\/\/249challenge.com\/en\/wp-json\/wp\/v2\/product"}],"about":[{"href":"https:\/\/249challenge.com\/en\/wp-json\/wp\/v2\/types\/product"}],"wp:featuredmedia":[{"embeddable":true,"href":"https:\/\/249challenge.com\/en\/wp-json\/wp\/v2\/media\/3361"}],"wp:attachment":[{"href":"https:\/\/249challenge.com\/en\/wp-json\/wp\/v2\/media?parent=3360"}],"wp:term":[{"taxonomy":"product_cat","embeddable":true,"href":"https:\/\/249challenge.com\/en\/wp-json\/wp\/v2\/product_cat?post=3360"},{"taxonomy":"product_tag","embeddable":true,"href":"https:\/\/249challenge.com\/en\/wp-json\/wp\/v2\/product_tag?post=3360"}],"curies":[{"name":"wp","href":"https:\/\/api.w.org\/{rel}","templated":true}]}}