{"id":2665,"date":"2021-09-13T13:25:10","date_gmt":"2021-09-13T11:25:10","guid":{"rendered":"https:\/\/249challenge.com\/?post_type=product&#038;p=2665"},"modified":"2022-02-03T14:33:44","modified_gmt":"2022-02-03T13:33:44","slug":"ksiazka-cos-z-niczego","status":"publish","type":"product","link":"https:\/\/249challenge.com\/en\/produkt\/ksiazka-cos-z-niczego\/","title":{"rendered":"Ksi\u0105\u017cka Co\u015b z niczego"},"content":{"rendered":"<p class=\"qtranxs-available-languages-message qtranxs-available-languages-message-en\">Sorry, this entry is only available in <a href=\"https:\/\/249challenge.com\/pl\/wp-json\/wp\/v2\/product\/2665\" class=\"qtranxs-available-language-link qtranxs-available-language-link-pl\" title=\"Polski\">Polski<\/a>.<\/p>","protected":false},"excerpt":{"rendered":"<p class=\"qtranxs-available-languages-message qtranxs-available-languages-message-en\">Sorry, this entry is only available in <a href=\"https:\/\/249challenge.com\/pl\/wp-json\/wp\/v2\/product\/2665\" class=\"qtranxs-available-language-link qtranxs-available-language-link-pl\" title=\"Polski\">Polski<\/a>.<\/p>\n","protected":false},"featured_media":2668,"template":"","meta":[],"product_cat":[42],"product_tag":[],"class_list":{"0":"post-2665","1":"product","2":"type-product","3":"status-publish","4":"has-post-thumbnail","6":"product_cat-ksiazki","8":"first","9":"instock","10":"taxable","11":"shipping-taxable","12":"purchasable","13":"product-type-simple"},"yoast_head":"<!-- This site is optimized with the Yoast SEO plugin v25.6 - https:\/\/yoast.com\/wordpress\/plugins\/seo\/ -->\n<title>Ksi\u0105\u017cka Co\u015b z niczego - 249challenge<\/title>\n<meta name=\"robots\" content=\"noindex, nofollow\" \/>\n<meta property=\"og:locale\" content=\"en_US\" \/>\n<meta property=\"og:type\" content=\"article\" \/>\n<meta property=\"og:title\" content=\"Ksi\u0105\u017cka Co\u015b z niczego - 249challenge\" \/>\n<meta property=\"og:description\" content=\"[:pl]Tak, to jest nast\u0119pny przewodnik patchworkowy, cho\u0107 tym razem po krainie biznesu. Dla praktyk\u00f3w biznesu s\u0105 tu porady, tym cenniejsze, \u017ce sprawdzone przez autora. Dla wszystkich \u2013 opowie\u015b\u0107 o tym, \u017ce w biznesie trzeba by\u0107 przygotowanym na pora\u017ck\u0119, ale \u2013 co wa\u017cne \u2013 r\u00f3wnie\u017c na sukces. Ci, kt\u00f3rych biznesowe zagadnienia nie interesuj\u0105, znajd\u0105 opowie\u015b\u0107 z \u017cycia cz\u0142owieka z pomys\u0142ami. Wiele r\u00f3\u017cno\u015bci ukrytych pod kodami QR sprawia, \u017ce mo\u017cna z t\u0105 ksi\u0105\u017ck\u0105 sp\u0119dzi\u0107 wiele godzin. No i do tego zupe\u0142nie niebiznesowe piosenki na p\u0142ycie![:]\" \/>\n<meta property=\"og:url\" content=\"https:\/\/249challenge.com\/en\/produkt\/ksiazka-cos-z-niczego\/\" \/>\n<meta property=\"og:site_name\" content=\"249challenge\" \/>\n<meta property=\"article:modified_time\" content=\"2022-02-03T13:33:44+00:00\" \/>\n<meta property=\"og:image\" content=\"https:\/\/249challenge.com\/wp-content\/uploads\/cos-z-niczego-1.jpg\" \/>\n\t<meta property=\"og:image:width\" content=\"800\" \/>\n\t<meta property=\"og:image:height\" content=\"1166\" \/>\n\t<meta property=\"og:image:type\" content=\"image\/jpeg\" \/>\n<meta name=\"twitter:card\" content=\"summary_large_image\" \/>\n<script type=\"application\/ld+json\" class=\"yoast-schema-graph\">{\"@context\":\"https:\/\/schema.org\",\"@graph\":[{\"@type\":\"WebPage\",\"@id\":\"https:\/\/249challenge.com\/en\/produkt\/ksiazka-cos-z-niczego\/\",\"url\":\"https:\/\/249challenge.com\/en\/produkt\/ksiazka-cos-z-niczego\/\",\"name\":\"Ksi\u0105\u017cka Co\u015b z niczego - 249challenge\",\"isPartOf\":{\"@id\":\"https:\/\/249challenge.com\/#website\"},\"primaryImageOfPage\":{\"@id\":\"https:\/\/249challenge.com\/en\/produkt\/ksiazka-cos-z-niczego\/#primaryimage\"},\"image\":{\"@id\":\"https:\/\/249challenge.com\/en\/produkt\/ksiazka-cos-z-niczego\/#primaryimage\"},\"thumbnailUrl\":\"https:\/\/249challenge.com\/wp-content\/uploads\/cos-z-niczego-1.jpg\",\"datePublished\":\"2021-09-13T11:25:10+00:00\",\"dateModified\":\"2022-02-03T13:33:44+00:00\",\"breadcrumb\":{\"@id\":\"https:\/\/249challenge.com\/en\/produkt\/ksiazka-cos-z-niczego\/#breadcrumb\"},\"inLanguage\":\"en-US\",\"potentialAction\":[{\"@type\":\"ReadAction\",\"target\":[\"https:\/\/249challenge.com\/en\/produkt\/ksiazka-cos-z-niczego\/\"]}]},{\"@type\":\"ImageObject\",\"inLanguage\":\"en-US\",\"@id\":\"https:\/\/249challenge.com\/en\/produkt\/ksiazka-cos-z-niczego\/#primaryimage\",\"url\":\"https:\/\/249challenge.com\/wp-content\/uploads\/cos-z-niczego-1.jpg\",\"contentUrl\":\"https:\/\/249challenge.com\/wp-content\/uploads\/cos-z-niczego-1.jpg\",\"width\":800,\"height\":1166,\"caption\":\"Ksi\u0105\u017cka Co\u015b z niczego\"},{\"@type\":\"BreadcrumbList\",\"@id\":\"https:\/\/249challenge.com\/en\/produkt\/ksiazka-cos-z-niczego\/#breadcrumb\",\"itemListElement\":[{\"@type\":\"ListItem\",\"position\":1,\"name\":\"Strona g\u0142\u00f3wna\",\"item\":\"https:\/\/249challenge.com\/\"},{\"@type\":\"ListItem\",\"position\":2,\"name\":\"Produkty\",\"item\":\"https:\/\/249challenge.com\/shop\/\"},{\"@type\":\"ListItem\",\"position\":3,\"name\":\"Ksi\u0105\u017cka Co\u015b z niczego\"}]},{\"@type\":\"WebSite\",\"@id\":\"https:\/\/249challenge.com\/#website\",\"url\":\"https:\/\/249challenge.com\/\",\"name\":\"249challenge\",\"description\":\"Marathon in every country in the world.\",\"potentialAction\":[{\"@type\":\"SearchAction\",\"target\":{\"@type\":\"EntryPoint\",\"urlTemplate\":\"https:\/\/249challenge.com\/?s={search_term_string}\"},\"query-input\":{\"@type\":\"PropertyValueSpecification\",\"valueRequired\":true,\"valueName\":\"search_term_string\"}}],\"inLanguage\":\"en-US\"}]}<\/script>\n<!-- \/ Yoast SEO plugin. -->","yoast_head_json":{"title":"Ksi\u0105\u017cka Co\u015b z niczego - 249challenge","robots":{"index":"noindex","follow":"nofollow"},"og_locale":"en_US","og_type":"article","og_title":"Ksi\u0105\u017cka Co\u015b z niczego - 249challenge","og_description":"[:pl]Tak, to jest nast\u0119pny przewodnik patchworkowy, cho\u0107 tym razem po krainie biznesu. Dla praktyk\u00f3w biznesu s\u0105 tu porady, tym cenniejsze, \u017ce sprawdzone przez autora. Dla wszystkich \u2013 opowie\u015b\u0107 o tym, \u017ce w biznesie trzeba by\u0107 przygotowanym na pora\u017ck\u0119, ale \u2013 co wa\u017cne \u2013 r\u00f3wnie\u017c na sukces. Ci, kt\u00f3rych biznesowe zagadnienia nie interesuj\u0105, znajd\u0105 opowie\u015b\u0107 z \u017cycia cz\u0142owieka z pomys\u0142ami. Wiele r\u00f3\u017cno\u015bci ukrytych pod kodami QR sprawia, \u017ce mo\u017cna z t\u0105 ksi\u0105\u017ck\u0105 sp\u0119dzi\u0107 wiele godzin. No i do tego zupe\u0142nie niebiznesowe piosenki na p\u0142ycie![:]","og_url":"https:\/\/249challenge.com\/en\/produkt\/ksiazka-cos-z-niczego\/","og_site_name":"249challenge","article_modified_time":"2022-02-03T13:33:44+00:00","og_image":[{"width":800,"height":1166,"url":"https:\/\/249challenge.com\/wp-content\/uploads\/cos-z-niczego-1.jpg","type":"image\/jpeg"}],"twitter_card":"summary_large_image","schema":{"@context":"https:\/\/schema.org","@graph":[{"@type":"WebPage","@id":"https:\/\/249challenge.com\/en\/produkt\/ksiazka-cos-z-niczego\/","url":"https:\/\/249challenge.com\/en\/produkt\/ksiazka-cos-z-niczego\/","name":"Ksi\u0105\u017cka Co\u015b z niczego - 249challenge","isPartOf":{"@id":"https:\/\/249challenge.com\/#website"},"primaryImageOfPage":{"@id":"https:\/\/249challenge.com\/en\/produkt\/ksiazka-cos-z-niczego\/#primaryimage"},"image":{"@id":"https:\/\/249challenge.com\/en\/produkt\/ksiazka-cos-z-niczego\/#primaryimage"},"thumbnailUrl":"https:\/\/249challenge.com\/wp-content\/uploads\/cos-z-niczego-1.jpg","datePublished":"2021-09-13T11:25:10+00:00","dateModified":"2022-02-03T13:33:44+00:00","breadcrumb":{"@id":"https:\/\/249challenge.com\/en\/produkt\/ksiazka-cos-z-niczego\/#breadcrumb"},"inLanguage":"en-US","potentialAction":[{"@type":"ReadAction","target":["https:\/\/249challenge.com\/en\/produkt\/ksiazka-cos-z-niczego\/"]}]},{"@type":"ImageObject","inLanguage":"en-US","@id":"https:\/\/249challenge.com\/en\/produkt\/ksiazka-cos-z-niczego\/#primaryimage","url":"https:\/\/249challenge.com\/wp-content\/uploads\/cos-z-niczego-1.jpg","contentUrl":"https:\/\/249challenge.com\/wp-content\/uploads\/cos-z-niczego-1.jpg","width":800,"height":1166,"caption":"Ksi\u0105\u017cka Co\u015b z niczego"},{"@type":"BreadcrumbList","@id":"https:\/\/249challenge.com\/en\/produkt\/ksiazka-cos-z-niczego\/#breadcrumb","itemListElement":[{"@type":"ListItem","position":1,"name":"Strona g\u0142\u00f3wna","item":"https:\/\/249challenge.com\/"},{"@type":"ListItem","position":2,"name":"Produkty","item":"https:\/\/249challenge.com\/shop\/"},{"@type":"ListItem","position":3,"name":"Ksi\u0105\u017cka Co\u015b z niczego"}]},{"@type":"WebSite","@id":"https:\/\/249challenge.com\/#website","url":"https:\/\/249challenge.com\/","name":"249challenge","description":"Marathon in every country in the world.","potentialAction":[{"@type":"SearchAction","target":{"@type":"EntryPoint","urlTemplate":"https:\/\/249challenge.com\/?s={search_term_string}"},"query-input":{"@type":"PropertyValueSpecification","valueRequired":true,"valueName":"search_term_string"}}],"inLanguage":"en-US"}]}},"_links":{"self":[{"href":"https:\/\/249challenge.com\/en\/wp-json\/wp\/v2\/product\/2665"}],"collection":[{"href":"https:\/\/249challenge.com\/en\/wp-json\/wp\/v2\/product"}],"about":[{"href":"https:\/\/249challenge.com\/en\/wp-json\/wp\/v2\/types\/product"}],"wp:featuredmedia":[{"embeddable":true,"href":"https:\/\/249challenge.com\/en\/wp-json\/wp\/v2\/media\/2668"}],"wp:attachment":[{"href":"https:\/\/249challenge.com\/en\/wp-json\/wp\/v2\/media?parent=2665"}],"wp:term":[{"taxonomy":"product_cat","embeddable":true,"href":"https:\/\/249challenge.com\/en\/wp-json\/wp\/v2\/product_cat?post=2665"},{"taxonomy":"product_tag","embeddable":true,"href":"https:\/\/249challenge.com\/en\/wp-json\/wp\/v2\/product_tag?post=2665"}],"curies":[{"name":"wp","href":"https:\/\/api.w.org\/{rel}","templated":true}]}}