{"id":2663,"date":"2021-09-13T13:10:34","date_gmt":"2021-09-13T11:10:34","guid":{"rendered":"https:\/\/249challenge.com\/?post_type=product&#038;p=2663"},"modified":"2022-01-27T10:09:04","modified_gmt":"2022-01-27T09:09:04","slug":"mistrzowie-zmian","status":"publish","type":"product","link":"https:\/\/249challenge.com\/en\/produkt\/mistrzowie-zmian\/","title":{"rendered":"Mistrzowie zmian"},"content":{"rendered":"<p class=\"qtranxs-available-languages-message qtranxs-available-languages-message-en\">Sorry, this entry is only available in <a href=\"https:\/\/249challenge.com\/pl\/wp-json\/wp\/v2\/product\/2663\" class=\"qtranxs-available-language-link qtranxs-available-language-link-pl\" title=\"Polski\">Polski<\/a>.<\/p>","protected":false},"excerpt":{"rendered":"<p class=\"qtranxs-available-languages-message qtranxs-available-languages-message-en\">Sorry, this entry is only available in <a href=\"https:\/\/249challenge.com\/pl\/wp-json\/wp\/v2\/product\/2663\" class=\"qtranxs-available-language-link qtranxs-available-language-link-pl\" title=\"Polski\">Polski<\/a>.<\/p>\n","protected":false},"featured_media":2664,"template":"","meta":[],"product_cat":[42],"product_tag":[],"class_list":{"0":"post-2663","1":"product","2":"type-product","3":"status-publish","4":"has-post-thumbnail","6":"product_cat-ksiazki","8":"first","9":"instock","10":"taxable","11":"shipping-taxable","12":"purchasable","13":"product-type-simple"},"yoast_head":"<!-- This site is optimized with the Yoast SEO plugin v25.6 - https:\/\/yoast.com\/wordpress\/plugins\/seo\/ -->\n<title>Mistrzowie zmian - 249challenge<\/title>\n<meta name=\"robots\" content=\"noindex, nofollow\" \/>\n<meta property=\"og:locale\" content=\"en_US\" \/>\n<meta property=\"og:type\" content=\"article\" \/>\n<meta property=\"og:title\" content=\"Mistrzowie zmian - 249challenge\" \/>\n<meta property=\"og:description\" content=\"[:pl]Mamy g\u0142owy wype\u0142nione l\u0119kami o przysz\u0142o\u015b\u0107, \u017cyj\u0105c cz\u0119sto w przesz\u0142o\u015bci, kt\u00f3rej przecie\u017c zmieni\u0107 si\u0119 nie da. Ta przesz\u0142o\u015b\u0107 to ca\u0142y baga\u017c do\u015bwiadcze\u0144 \u2013 kultury, rodziny, wychowania, co cz\u0119sto przek\u0142ada si\u0119 na nasze wybory. Poznaj prawdziw\u0105 encyklopedie zmian, ksi\u0105\u017ck\u0119 do kt\u00f3rej b\u0119dziesz wraca\u0107 regularnie.  Pandemia koronawirusa pokaza\u0142a, \u017ce zmiana mo\u017ce pojawi\u0107 si\u0119 nieoczekiwanie i zaskoczy\u0107 nas wszystkich. Wiele os\u00f3b z dnia na dzie\u0144 straci\u0142o stabilne zatrudnienie, niekt\u00f3rzy powa\u017cnie zachorowali, firmy zacz\u0119\u0142y bankrutowa\u0107. To jeden z przyk\u0142ad\u00f3w, kiedy zmiana spada na nas jak grom z jasnego nieba.  Ksi\u0105\u017cka ,,Mistrzowie zmian\u201d prezentuje temat zmian ze wszystkich stron. Opr\u00f3cz porad autora, kt\u00f3ry zmienia swoje \u017cycie na pstrykni\u0119cie palcem, znajdziesz porady 40 ekspert\u00f3w (psycholog\u00f3w, trener\u00f3w) oraz 8 ludzi kultury.[:]\" \/>\n<meta property=\"og:url\" content=\"https:\/\/249challenge.com\/en\/produkt\/mistrzowie-zmian\/\" \/>\n<meta property=\"og:site_name\" content=\"249challenge\" \/>\n<meta property=\"article:modified_time\" content=\"2022-01-27T09:09:04+00:00\" \/>\n<meta property=\"og:image\" content=\"https:\/\/249challenge.com\/wp-content\/uploads\/mistrzowie-zmian-800x800jpg.jpg\" \/>\n\t<meta property=\"og:image:width\" content=\"800\" \/>\n\t<meta property=\"og:image:height\" content=\"800\" \/>\n\t<meta property=\"og:image:type\" content=\"image\/jpeg\" \/>\n<meta name=\"twitter:card\" content=\"summary_large_image\" \/>\n<meta name=\"twitter:label1\" content=\"Est. reading time\" \/>\n\t<meta name=\"twitter:data1\" content=\"4 minutes\" \/>\n<script type=\"application\/ld+json\" class=\"yoast-schema-graph\">{\"@context\":\"https:\/\/schema.org\",\"@graph\":[{\"@type\":\"WebPage\",\"@id\":\"https:\/\/249challenge.com\/en\/produkt\/mistrzowie-zmian\/\",\"url\":\"https:\/\/249challenge.com\/en\/produkt\/mistrzowie-zmian\/\",\"name\":\"Mistrzowie zmian - 249challenge\",\"isPartOf\":{\"@id\":\"https:\/\/249challenge.com\/#website\"},\"primaryImageOfPage\":{\"@id\":\"https:\/\/249challenge.com\/en\/produkt\/mistrzowie-zmian\/#primaryimage\"},\"image\":{\"@id\":\"https:\/\/249challenge.com\/en\/produkt\/mistrzowie-zmian\/#primaryimage\"},\"thumbnailUrl\":\"https:\/\/249challenge.com\/wp-content\/uploads\/mistrzowie-zmian-800x800jpg.jpg\",\"datePublished\":\"2021-09-13T11:10:34+00:00\",\"dateModified\":\"2022-01-27T09:09:04+00:00\",\"breadcrumb\":{\"@id\":\"https:\/\/249challenge.com\/en\/produkt\/mistrzowie-zmian\/#breadcrumb\"},\"inLanguage\":\"en-US\",\"potentialAction\":[{\"@type\":\"ReadAction\",\"target\":[\"https:\/\/249challenge.com\/en\/produkt\/mistrzowie-zmian\/\"]}]},{\"@type\":\"ImageObject\",\"inLanguage\":\"en-US\",\"@id\":\"https:\/\/249challenge.com\/en\/produkt\/mistrzowie-zmian\/#primaryimage\",\"url\":\"https:\/\/249challenge.com\/wp-content\/uploads\/mistrzowie-zmian-800x800jpg.jpg\",\"contentUrl\":\"https:\/\/249challenge.com\/wp-content\/uploads\/mistrzowie-zmian-800x800jpg.jpg\",\"width\":800,\"height\":800,\"caption\":\"mistrzowie zmian\"},{\"@type\":\"BreadcrumbList\",\"@id\":\"https:\/\/249challenge.com\/en\/produkt\/mistrzowie-zmian\/#breadcrumb\",\"itemListElement\":[{\"@type\":\"ListItem\",\"position\":1,\"name\":\"Strona g\u0142\u00f3wna\",\"item\":\"https:\/\/249challenge.com\/\"},{\"@type\":\"ListItem\",\"position\":2,\"name\":\"Produkty\",\"item\":\"https:\/\/249challenge.com\/shop\/\"},{\"@type\":\"ListItem\",\"position\":3,\"name\":\"Mistrzowie zmian\"}]},{\"@type\":\"WebSite\",\"@id\":\"https:\/\/249challenge.com\/#website\",\"url\":\"https:\/\/249challenge.com\/\",\"name\":\"249challenge\",\"description\":\"Marathon in every country in the world.\",\"potentialAction\":[{\"@type\":\"SearchAction\",\"target\":{\"@type\":\"EntryPoint\",\"urlTemplate\":\"https:\/\/249challenge.com\/?s={search_term_string}\"},\"query-input\":{\"@type\":\"PropertyValueSpecification\",\"valueRequired\":true,\"valueName\":\"search_term_string\"}}],\"inLanguage\":\"en-US\"}]}<\/script>\n<!-- \/ Yoast SEO plugin. -->","yoast_head_json":{"title":"Mistrzowie zmian - 249challenge","robots":{"index":"noindex","follow":"nofollow"},"og_locale":"en_US","og_type":"article","og_title":"Mistrzowie zmian - 249challenge","og_description":"[:pl]Mamy g\u0142owy wype\u0142nione l\u0119kami o przysz\u0142o\u015b\u0107, \u017cyj\u0105c cz\u0119sto w przesz\u0142o\u015bci, kt\u00f3rej przecie\u017c zmieni\u0107 si\u0119 nie da. Ta przesz\u0142o\u015b\u0107 to ca\u0142y baga\u017c do\u015bwiadcze\u0144 \u2013 kultury, rodziny, wychowania, co cz\u0119sto przek\u0142ada si\u0119 na nasze wybory. Poznaj prawdziw\u0105 encyklopedie zmian, ksi\u0105\u017ck\u0119 do kt\u00f3rej b\u0119dziesz wraca\u0107 regularnie.  Pandemia koronawirusa pokaza\u0142a, \u017ce zmiana mo\u017ce pojawi\u0107 si\u0119 nieoczekiwanie i zaskoczy\u0107 nas wszystkich. Wiele os\u00f3b z dnia na dzie\u0144 straci\u0142o stabilne zatrudnienie, niekt\u00f3rzy powa\u017cnie zachorowali, firmy zacz\u0119\u0142y bankrutowa\u0107. To jeden z przyk\u0142ad\u00f3w, kiedy zmiana spada na nas jak grom z jasnego nieba.  Ksi\u0105\u017cka ,,Mistrzowie zmian\u201d prezentuje temat zmian ze wszystkich stron. Opr\u00f3cz porad autora, kt\u00f3ry zmienia swoje \u017cycie na pstrykni\u0119cie palcem, znajdziesz porady 40 ekspert\u00f3w (psycholog\u00f3w, trener\u00f3w) oraz 8 ludzi kultury.[:]","og_url":"https:\/\/249challenge.com\/en\/produkt\/mistrzowie-zmian\/","og_site_name":"249challenge","article_modified_time":"2022-01-27T09:09:04+00:00","og_image":[{"width":800,"height":800,"url":"https:\/\/249challenge.com\/wp-content\/uploads\/mistrzowie-zmian-800x800jpg.jpg","type":"image\/jpeg"}],"twitter_card":"summary_large_image","twitter_misc":{"Est. reading time":"4 minutes"},"schema":{"@context":"https:\/\/schema.org","@graph":[{"@type":"WebPage","@id":"https:\/\/249challenge.com\/en\/produkt\/mistrzowie-zmian\/","url":"https:\/\/249challenge.com\/en\/produkt\/mistrzowie-zmian\/","name":"Mistrzowie zmian - 249challenge","isPartOf":{"@id":"https:\/\/249challenge.com\/#website"},"primaryImageOfPage":{"@id":"https:\/\/249challenge.com\/en\/produkt\/mistrzowie-zmian\/#primaryimage"},"image":{"@id":"https:\/\/249challenge.com\/en\/produkt\/mistrzowie-zmian\/#primaryimage"},"thumbnailUrl":"https:\/\/249challenge.com\/wp-content\/uploads\/mistrzowie-zmian-800x800jpg.jpg","datePublished":"2021-09-13T11:10:34+00:00","dateModified":"2022-01-27T09:09:04+00:00","breadcrumb":{"@id":"https:\/\/249challenge.com\/en\/produkt\/mistrzowie-zmian\/#breadcrumb"},"inLanguage":"en-US","potentialAction":[{"@type":"ReadAction","target":["https:\/\/249challenge.com\/en\/produkt\/mistrzowie-zmian\/"]}]},{"@type":"ImageObject","inLanguage":"en-US","@id":"https:\/\/249challenge.com\/en\/produkt\/mistrzowie-zmian\/#primaryimage","url":"https:\/\/249challenge.com\/wp-content\/uploads\/mistrzowie-zmian-800x800jpg.jpg","contentUrl":"https:\/\/249challenge.com\/wp-content\/uploads\/mistrzowie-zmian-800x800jpg.jpg","width":800,"height":800,"caption":"mistrzowie zmian"},{"@type":"BreadcrumbList","@id":"https:\/\/249challenge.com\/en\/produkt\/mistrzowie-zmian\/#breadcrumb","itemListElement":[{"@type":"ListItem","position":1,"name":"Strona g\u0142\u00f3wna","item":"https:\/\/249challenge.com\/"},{"@type":"ListItem","position":2,"name":"Produkty","item":"https:\/\/249challenge.com\/shop\/"},{"@type":"ListItem","position":3,"name":"Mistrzowie zmian"}]},{"@type":"WebSite","@id":"https:\/\/249challenge.com\/#website","url":"https:\/\/249challenge.com\/","name":"249challenge","description":"Marathon in every country in the world.","potentialAction":[{"@type":"SearchAction","target":{"@type":"EntryPoint","urlTemplate":"https:\/\/249challenge.com\/?s={search_term_string}"},"query-input":{"@type":"PropertyValueSpecification","valueRequired":true,"valueName":"search_term_string"}}],"inLanguage":"en-US"}]}},"_links":{"self":[{"href":"https:\/\/249challenge.com\/en\/wp-json\/wp\/v2\/product\/2663"}],"collection":[{"href":"https:\/\/249challenge.com\/en\/wp-json\/wp\/v2\/product"}],"about":[{"href":"https:\/\/249challenge.com\/en\/wp-json\/wp\/v2\/types\/product"}],"wp:featuredmedia":[{"embeddable":true,"href":"https:\/\/249challenge.com\/en\/wp-json\/wp\/v2\/media\/2664"}],"wp:attachment":[{"href":"https:\/\/249challenge.com\/en\/wp-json\/wp\/v2\/media?parent=2663"}],"wp:term":[{"taxonomy":"product_cat","embeddable":true,"href":"https:\/\/249challenge.com\/en\/wp-json\/wp\/v2\/product_cat?post=2663"},{"taxonomy":"product_tag","embeddable":true,"href":"https:\/\/249challenge.com\/en\/wp-json\/wp\/v2\/product_tag?post=2663"}],"curies":[{"name":"wp","href":"https:\/\/api.w.org\/{rel}","templated":true}]}}