{"id":438,"date":"2018-05-24T12:15:05","date_gmt":"2018-05-24T10:15:05","guid":{"rendered":"https:\/\/249challenge.com\/?page_id=438"},"modified":"2023-10-06T00:34:08","modified_gmt":"2023-10-05T22:34:08","slug":"polityka-prywatnosci","status":"publish","type":"page","link":"https:\/\/249challenge.com\/en\/polityka-prywatnosci\/","title":{"rendered":"Polityka prywatno\u015bci"},"content":{"rendered":"<div class=\"wpb-content-wrapper\"><p>[vc_row][vc_column][vc_column_text]<\/p>\n<p style=\"text-align: justify;\"><strong>Polityka Prywatno\u015bci okre\u015bla zasady przetwarzania i ochrony danych osobowych, przekazanych przez U\u017cytkownik\u00f3w w zwi\u0105zku z korzystaniem przez nich z serwisu internetowego <a href=\"http:\/\/249challenge.com\">249challenge.com<\/a> zwanym dalej Serwisem.<\/strong><\/p>\n<ol style=\"text-align: justify;\">\n<li>Administratorem danych osobowych, zawartych w Serwisie, jest Wojciech Machnik, ul. K. Stabika 82\/1, 40-750 Katowice, NIP:9690849337 zwanym dalej Administratorem.<\/li>\n<li>Serwis internetowy pozyskuje informacje o U\u017cytkownikach wprowadzone w formularzach na podstawie zgody wyra\u017conej przez nich samych.<\/li>\n<li>Przekazane dane przetwarzane s\u0105 w celu wynikaj\u0105cym z funkcji konkretnego formularza, np. w celu odpowiedzi na zadane pytanie.<\/li>\n<li>U\u017cytkownik, kt\u00f3ry umie\u015bci\u0142 dane w formularzu ma prawo do:\n<ol>\n<li>wgl\u0105du, modyfikacji, usuwania danych osobowych,<\/li>\n<li>ograniczenia przetwarzania oraz \u017c\u0105dania zaprzestania przetwarzania swoich danych w dowolnym momencie,<\/li>\n<li>cofni\u0119cia zgody w dowolnym momencie &#8211; cofni\u0119cie zgody nie wp\u0142ywa na legalno\u015b\u0107 przetwarzania dokonanego przed jej cofni\u0119ciem,<\/li>\n<li>przenoszenia danych do innego Administratora danych osobowych<\/li>\n<li>z\u0142o\u017cenia skargi do organu nadzorczego.<\/li>\n<\/ol>\n<\/li>\n<li>Administrator dope\u0142nia nale\u017cytej staranno\u015bci w celu odpowiedniego zabezpieczenia przekazanych danych osobowych, a w szczeg\u00f3lno\u015bci przed ich udost\u0119pnieniem osobom nieupowa\u017cnionym.<\/li>\n<li>Podane dane osobowe mog\u0105 by\u0107 udost\u0119pniane tylko podmiotom, kt\u00f3re posiadaj\u0105 podstaw\u0119 prawn\u0105 wynikaj\u0105c\u0105 z przepis\u00f3w polskiego prawa.<\/li>\n<li>Podmioty gromadz\u0105ce i przetwarzaj\u0105ce dane osobowe w serwisie internetowym pochodz\u0105 w g\u0142\u00f3wnej mierze z Polski i kraj\u00f3w Europejskiego Obszaru Gospodarczego (EOG). Niekt\u00f3rzy z dostawc\u00f3w maj\u0105 swoj\u0105 siedzib\u0119 poza EOG, na przyk\u0142ad Google Inc. (USA &#8211; Google Analytics). Administrator danych osobowych dba jednak o to, by podmioty gwarantowa\u0142y wysok\u0105 ochron\u0119 przetwarzanych danych. Dzieje si\u0119 tak dzi\u0119ki przestrzeganiu klauzul umownych przyj\u0119tych przez Komisj\u0119 UE oraz poprzez uczestnictwo w programie &#8220;Tarcza Prywatno\u015bci&#8221; na linii UE-USA (decyzja wykonawczej Komisji (UE) 2016\/1250 z dnia 12 lipca 2016 r.).<\/li>\n<li>Podstawy prawne zwi\u0105zane z przetwarzaniem danych osobowych:\n<ol>\n<li>Ustawa z dnia 18 lipca 2002 r. o \u015bwiadczeniu us\u0142ug drog\u0105 elektroniczn\u0105 (u\u015bude);<\/li>\n<li>Ustawa z dnia 16 lipca 2004 r Prawo Telekomunikacyjne (PrTel);<\/li>\n<li>Rozporz\u0105dzenie Parlamentu Europejskiego i Rady (UE) 2016\/679 z dnia 27 kwietnia 2016 r. w sprawie ochrony os\u00f3b fizycznych w zwi\u0105zku z przetwarzaniem danych osobowych i w sprawie swobodnego przep\u0142ywu takich danych oraz uchylenia dyrektywy 95\/46\/WE; (RODO).<\/li>\n<\/ol>\n<\/li>\n<\/ol>\n<p style=\"text-align: justify;\"><strong>Pytania dotycz\u0105ce polityki prywatno\u015bci nale\u017cy kierowa\u0107 na adres:\u00a0<\/strong><a href=\"wojtek@pokochaj-podroze.pl\">wojtek@pokochaj-podroze.pl<\/a><br \/>\nAdministrator zastrzega sobie prawo do zmian w polityce prywatno\u015bci.<br \/>\nWszelkie zmiany zostan\u0105 niezw\u0142ocznie udost\u0119pnione w Serwisie.<\/p>\n<h2><\/h2>\n<h2 style=\"text-align: justify;\">Polityka wykorzystywania plik\u00f3w cookies<\/h2>\n<p style=\"text-align: justify;\">Pliki cookies to dane informatyczne, przechowywane na urz\u0105dzeniach ko\u0144cowych U\u017cytkownik\u00f3w, przeznaczone do korzystania ze stron internetowych.<\/p>\n<ol style=\"text-align: justify;\">\n<li>Serwis internetowy <a href=\"http:\/\/249challenge.com\">249challenge.com<\/a>\u00a0 nie zbiera w spos\u00f3b automatyczny \u017cadnych informacji, z wyj\u0105tkiem zawartych w plikach cookies. Nale\u017c\u0105 do nich: adres IP, nazwa domeny, typ przegl\u0105darki, rodzaj systemu operacyjnego oraz dane o \u015bcie\u017cce nawigacji U\u017cytkownika i o czasie jego pozostawania na okre\u015blonych podstronach.<\/li>\n<li>Administrator wykorzystuje pliki cookies w celu:\n<ol>\n<li>zwi\u0119kszenia u\u017cyteczno\u015bci serwisu internetowego i dopasowania jego zawarto\u015bci do indywidualnych preferencji U\u017cytkownika<\/li>\n<li>tworzenia anonimowych statystyk na podstawie systemu Google Analytics (analizy dzia\u0142a\u0144 U\u017cytkownik\u00f3w w serwisie internetowym i danych demograficznych) z wy\u0142\u0105czeniem mo\u017cliwo\u015bci identyfikacji U\u017cytkownika<\/li>\n<li>wy\u015bwietlania reklam remarketingowych za po\u015brednictwem systemu Google AdWords do U\u017cytkownik\u00f3w, kt\u00f3rzy odwiedzili serwis internetowy<\/li>\n<li>wy\u015bwietlania reklam spersonalizowanych, dopasowanych do zainteresowa\u0144 u\u017cytkownik\u00f3w i ich zachowa\u0144 w sieci<\/li>\n<\/ol>\n<\/li>\n<li>Szczeg\u00f3\u0142owe informacje dotycz\u0105ce sposob\u00f3w obs\u0142ugi plik\u00f3w cookies znajduj\u0105 si\u0119 w ustawieniach przegl\u0105darki internetowej. Za pomoc\u0105 tych ustawie\u0144 mo\u017cliwe jest okre\u015blenie zakresu zgody U\u017cytkownika na umieszczanie tego typu plik\u00f3w w jego przegl\u0105darce. Ograniczenie stosowania lub uniemo\u017cliwienie wykorzystania plik\u00f3w cookies mo\u017ce jednak wp\u0142yn\u0105\u0107 na niekt\u00f3re z funkcjonalno\u015bci serwisu internetowego.<\/li>\n<\/ol>\n<p style=\"text-align: justify;\"><strong>Pytania dotycz\u0105ce polityki wykorzystywania plik\u00f3w cookies nale\u017cy kierowa\u0107 na adres:<\/strong>\u00a0<a href=\"\u00a0wojtek@pokochaj-podroze.pl\">wojtek@pokochaj-podroze.pl<\/a><br \/>\nAdministrator zastrzega sobie prawo do zmian w polityce wykorzystania plik\u00f3w cookies.<br \/>\nWszelkie zmiany zostan\u0105 niezw\u0142ocznie udost\u0119pnione w Serwisie.<\/p>\n<h2><\/h2>\n<h2 style=\"text-align: justify;\">Zasady bezpiecze\u0144stwa<\/h2>\n<ol style=\"text-align: justify;\">\n<li>U\u017cytkownik serwisu internetowego powinien dba\u0107 o bezpiecze\u0144stwo swoich urz\u0105dze\u0144, kt\u00f3re maj\u0105 dost\u0119p do Internetu. Urz\u0105dzenie powinno posiada\u0107 program antywirusowy z aktualn\u0105 baz\u0105 definicji wirus\u00f3w, aktualn\u0105 i bezpieczn\u0105 wersj\u0119 przegl\u0105darki internetowej oraz w\u0142\u0105czon\u0105 zapor\u0119 sieciow\u0105 &#8220;firewall&#8221;.<\/li>\n<li>Zaleca si\u0119 w\u0142\u0105czenie w przegl\u0105darce internetowej filtr\u00f3w antyphishingowych (narz\u0119dzi), kt\u00f3re sprawdzaj\u0105, czy wy\u015bwietlona strona internetowa jest autentyczna i nie s\u0142u\u017cy wy\u0142udzaniu informacji, np. poprzez podszywanie si\u0119 pod instytucj\u0119 lub dany podmiot gospodarczy.<\/li>\n<li>Zaleca si\u0119 ostro\u017cno\u015b\u0107 podczas otwierania za\u0142\u0105cznik\u00f3w lub klikania odno\u015bnik\u00f3w w wiadomo\u015bciach e-mail, kt\u00f3rych U\u017cytkownik si\u0119 nie spodziewa\u0142 np. od nieznanych nadawc\u00f3w. W przypadku w\u0105tpliwo\u015bci warto skontaktowa\u0107 si\u0119 z nadawc\u0105 np. telefonicznie.<\/li>\n<li>Pliki powinny by\u0107 pobierane tylko z zaufanych miejsc. Wysoce ryzykowne jest instalowanie oprogramowania z niezweryfikowanych \u017ar\u00f3de\u0142.<\/li>\n<li>U\u017cytkownik serwisu korzystaj\u0105cy z domowej sieci Wi-Fi powinien ustawi\u0107 bezpieczne i trudne do z\u0142amania has\u0142o dost\u0119pu do sieci. Rekomenduje si\u0119 tak\u017ce korzystanie najwy\u017cszych mo\u017cliwych standard\u00f3w szyfrowania sieci bezprzewodowych Wi-Fi, kt\u00f3re s\u0105 mo\u017cliwe do uruchomienia na posiadanym sprz\u0119cie np. WPA2<\/li>\n<\/ol>\n<p>[\/vc_column_text][\/vc_column][\/vc_row]<\/p>\n<\/div>","protected":false},"excerpt":{"rendered":"<p>[vc_row][vc_column][vc_column_text] Polityka Prywatno\u015bci okre\u015bla zasady przetwarzania i ochrony danych osobowych, przekazanych przez U\u017cytkownik\u00f3w w zwi\u0105zku z korzystaniem przez nich z serwisu internetowego 249challenge.com zwanym dalej Serwisem. Administratorem danych osobowych, zawartych w Serwisie, jest Wojciech Machnik, ul. K. Stabika 82\/1, 40-750 Katowice, NIP:9690849337 zwanym dalej Administratorem. Serwis internetowy pozyskuje informacje o U\u017cytkownikach wprowadzone w formularzach na podstawie zgody wyra\u017conej przez nich<\/p>\n<div class=\"h10\"><\/div>\n<p><a class=\"more-link2\" href=\"https:\/\/249challenge.com\/en\/polityka-prywatnosci\/\">Read more<\/a><\/p>\n","protected":false},"author":2,"featured_media":0,"parent":0,"menu_order":0,"comment_status":"closed","ping_status":"closed","template":"","meta":{"footnotes":"","_wp_rev_ctl_limit":""},"class_list":["post-438","page","type-page","status-publish","hentry"],"yoast_head":"<!-- This site is optimized with the Yoast SEO plugin v25.6 - https:\/\/yoast.com\/wordpress\/plugins\/seo\/ -->\n<title>Polityka prywatno\u015bci - 249challenge<\/title>\n<meta name=\"robots\" content=\"index, follow, max-snippet:-1, max-image-preview:large, max-video-preview:-1\" \/>\n<link rel=\"canonical\" href=\"https:\/\/249challenge.com\/polityka-prywatnosci\/\" \/>\n<meta property=\"og:locale\" content=\"en_US\" \/>\n<meta property=\"og:type\" content=\"article\" \/>\n<meta property=\"og:title\" content=\"Polityka prywatno\u015bci - 249challenge\" \/>\n<meta property=\"og:description\" content=\"[vc_row][vc_column][vc_column_text] Polityka Prywatno\u015bci okre\u015bla zasady przetwarzania i ochrony danych osobowych, przekazanych przez U\u017cytkownik\u00f3w w zwi\u0105zku z korzystaniem przez nich z serwisu internetowego 249challenge.com zwanym dalej Serwisem. Administratorem danych osobowych, zawartych w Serwisie, jest Wojciech Machnik, ul. K. Stabika 82\/1, 40-750 Katowice, NIP:9690849337 zwanym dalej Administratorem. Serwis internetowy pozyskuje informacje o U\u017cytkownikach wprowadzone w formularzach na podstawie zgody wyra\u017conej przez nichRead more\" \/>\n<meta property=\"og:url\" content=\"https:\/\/249challenge.com\/polityka-prywatnosci\/\" \/>\n<meta property=\"og:site_name\" content=\"249challenge\" \/>\n<meta property=\"article:modified_time\" content=\"2023-10-05T22:34:08+00:00\" \/>\n<meta name=\"twitter:card\" content=\"summary_large_image\" \/>\n<meta name=\"twitter:label1\" content=\"Est. reading time\" \/>\n\t<meta name=\"twitter:data1\" content=\"5 minutes\" \/>\n<script type=\"application\/ld+json\" class=\"yoast-schema-graph\">{\"@context\":\"https:\/\/schema.org\",\"@graph\":[{\"@type\":\"WebPage\",\"@id\":\"https:\/\/249challenge.com\/polityka-prywatnosci\/\",\"url\":\"https:\/\/249challenge.com\/polityka-prywatnosci\/\",\"name\":\"Polityka prywatno\u015bci - 249challenge\",\"isPartOf\":{\"@id\":\"https:\/\/249challenge.com\/#website\"},\"datePublished\":\"2018-05-24T10:15:05+00:00\",\"dateModified\":\"2023-10-05T22:34:08+00:00\",\"breadcrumb\":{\"@id\":\"https:\/\/249challenge.com\/polityka-prywatnosci\/#breadcrumb\"},\"inLanguage\":\"en-US\",\"potentialAction\":[{\"@type\":\"ReadAction\",\"target\":[\"https:\/\/249challenge.com\/polityka-prywatnosci\/\"]}]},{\"@type\":\"BreadcrumbList\",\"@id\":\"https:\/\/249challenge.com\/polityka-prywatnosci\/#breadcrumb\",\"itemListElement\":[{\"@type\":\"ListItem\",\"position\":1,\"name\":\"Strona g\u0142\u00f3wna\",\"item\":\"https:\/\/249challenge.com\/\"},{\"@type\":\"ListItem\",\"position\":2,\"name\":\"Polityka prywatno\u015bci\"}]},{\"@type\":\"WebSite\",\"@id\":\"https:\/\/249challenge.com\/#website\",\"url\":\"https:\/\/249challenge.com\/\",\"name\":\"249challenge\",\"description\":\"Marathon in every country in the world.\",\"potentialAction\":[{\"@type\":\"SearchAction\",\"target\":{\"@type\":\"EntryPoint\",\"urlTemplate\":\"https:\/\/249challenge.com\/?s={search_term_string}\"},\"query-input\":{\"@type\":\"PropertyValueSpecification\",\"valueRequired\":true,\"valueName\":\"search_term_string\"}}],\"inLanguage\":\"en-US\"}]}<\/script>\n<!-- \/ Yoast SEO plugin. -->","yoast_head_json":{"title":"Polityka prywatno\u015bci - 249challenge","robots":{"index":"index","follow":"follow","max-snippet":"max-snippet:-1","max-image-preview":"max-image-preview:large","max-video-preview":"max-video-preview:-1"},"canonical":"https:\/\/249challenge.com\/polityka-prywatnosci\/","og_locale":"en_US","og_type":"article","og_title":"Polityka prywatno\u015bci - 249challenge","og_description":"[vc_row][vc_column][vc_column_text] Polityka Prywatno\u015bci okre\u015bla zasady przetwarzania i ochrony danych osobowych, przekazanych przez U\u017cytkownik\u00f3w w zwi\u0105zku z korzystaniem przez nich z serwisu internetowego 249challenge.com zwanym dalej Serwisem. Administratorem danych osobowych, zawartych w Serwisie, jest Wojciech Machnik, ul. K. Stabika 82\/1, 40-750 Katowice, NIP:9690849337 zwanym dalej Administratorem. Serwis internetowy pozyskuje informacje o U\u017cytkownikach wprowadzone w formularzach na podstawie zgody wyra\u017conej przez nichRead more","og_url":"https:\/\/249challenge.com\/polityka-prywatnosci\/","og_site_name":"249challenge","article_modified_time":"2023-10-05T22:34:08+00:00","twitter_card":"summary_large_image","twitter_misc":{"Est. reading time":"5 minutes"},"schema":{"@context":"https:\/\/schema.org","@graph":[{"@type":"WebPage","@id":"https:\/\/249challenge.com\/polityka-prywatnosci\/","url":"https:\/\/249challenge.com\/polityka-prywatnosci\/","name":"Polityka prywatno\u015bci - 249challenge","isPartOf":{"@id":"https:\/\/249challenge.com\/#website"},"datePublished":"2018-05-24T10:15:05+00:00","dateModified":"2023-10-05T22:34:08+00:00","breadcrumb":{"@id":"https:\/\/249challenge.com\/polityka-prywatnosci\/#breadcrumb"},"inLanguage":"en-US","potentialAction":[{"@type":"ReadAction","target":["https:\/\/249challenge.com\/polityka-prywatnosci\/"]}]},{"@type":"BreadcrumbList","@id":"https:\/\/249challenge.com\/polityka-prywatnosci\/#breadcrumb","itemListElement":[{"@type":"ListItem","position":1,"name":"Strona g\u0142\u00f3wna","item":"https:\/\/249challenge.com\/"},{"@type":"ListItem","position":2,"name":"Polityka prywatno\u015bci"}]},{"@type":"WebSite","@id":"https:\/\/249challenge.com\/#website","url":"https:\/\/249challenge.com\/","name":"249challenge","description":"Marathon in every country in the world.","potentialAction":[{"@type":"SearchAction","target":{"@type":"EntryPoint","urlTemplate":"https:\/\/249challenge.com\/?s={search_term_string}"},"query-input":{"@type":"PropertyValueSpecification","valueRequired":true,"valueName":"search_term_string"}}],"inLanguage":"en-US"}]}},"_links":{"self":[{"href":"https:\/\/249challenge.com\/en\/wp-json\/wp\/v2\/pages\/438"}],"collection":[{"href":"https:\/\/249challenge.com\/en\/wp-json\/wp\/v2\/pages"}],"about":[{"href":"https:\/\/249challenge.com\/en\/wp-json\/wp\/v2\/types\/page"}],"author":[{"embeddable":true,"href":"https:\/\/249challenge.com\/en\/wp-json\/wp\/v2\/users\/2"}],"replies":[{"embeddable":true,"href":"https:\/\/249challenge.com\/en\/wp-json\/wp\/v2\/comments?post=438"}],"version-history":[{"count":2,"href":"https:\/\/249challenge.com\/en\/wp-json\/wp\/v2\/pages\/438\/revisions"}],"predecessor-version":[{"id":3651,"href":"https:\/\/249challenge.com\/en\/wp-json\/wp\/v2\/pages\/438\/revisions\/3651"}],"wp:attachment":[{"href":"https:\/\/249challenge.com\/en\/wp-json\/wp\/v2\/media?parent=438"}],"curies":[{"name":"wp","href":"https:\/\/api.w.org\/{rel}","templated":true}]}}