{"id":3179,"date":"2022-04-05T11:06:43","date_gmt":"2022-04-05T09:06:43","guid":{"rendered":"https:\/\/249challenge.com\/?page_id=3179"},"modified":"2022-04-05T11:50:46","modified_gmt":"2022-04-05T09:50:46","slug":"prelekcje-szkolenia","status":"publish","type":"page","link":"https:\/\/249challenge.com\/en\/prelekcje-szkolenia\/","title":{"rendered":"Prelekcje\/szkolenia"},"content":{"rendered":"<div class=\"wpb-content-wrapper\"><p>[vc_row][vc_column]\n<div class=\"wpcf7 no-js\" id=\"wpcf7-f3212-o1\" lang=\"pl-PL\" dir=\"ltr\" data-wpcf7-id=\"3212\">\n<div class=\"screen-reader-response\"><p role=\"status\" aria-live=\"polite\" aria-atomic=\"true\"><\/p> <ul><\/ul><\/div>\n<form action=\"\/en\/wp-json\/wp\/v2\/pages\/3179#wpcf7-f3212-o1\" method=\"post\" class=\"wpcf7-form init\" aria-label=\"Formularz kontaktowy\" novalidate=\"novalidate\" data-status=\"init\">\n<div style=\"display: none;\">\n<input type=\"hidden\" name=\"_wpcf7\" value=\"3212\" \/>\n<input type=\"hidden\" name=\"_wpcf7_version\" value=\"6.0.6\" \/>\n<input type=\"hidden\" name=\"_wpcf7_locale\" value=\"pl_PL\" \/>\n<input type=\"hidden\" name=\"_wpcf7_unit_tag\" value=\"wpcf7-f3212-o1\" \/>\n<input type=\"hidden\" name=\"_wpcf7_container_post\" value=\"0\" \/>\n<input type=\"hidden\" name=\"_wpcf7_posted_data_hash\" value=\"\" \/>\n<input type=\"hidden\" name=\"_wpcf7_recaptcha_response\" value=\"\" \/>\n<\/div>\n<p><label> Imi\u0119 i nazwisko (wymagane)<br \/>\n<span class=\"wpcf7-form-control-wrap\" data-name=\"your-name\"><input size=\"40\" maxlength=\"400\" class=\"wpcf7-form-control wpcf7-text wpcf7-validates-as-required\" aria-required=\"true\" aria-invalid=\"false\" value=\"\" type=\"text\" name=\"your-name\" \/><\/span> <\/label>\n<\/p>\n<p><label> Telefon (wymagane)<br \/>\n<span class=\"wpcf7-form-control-wrap\" data-name=\"tel-516\"><input size=\"40\" maxlength=\"400\" class=\"wpcf7-form-control wpcf7-tel wpcf7-validates-as-required wpcf7-text wpcf7-validates-as-tel\" aria-required=\"true\" aria-invalid=\"false\" value=\"\" type=\"tel\" name=\"tel-516\" \/><\/span><\/label>\n<\/p>\n<p><label> Adres e-mail (wymagane)<br \/>\n<span class=\"wpcf7-form-control-wrap\" data-name=\"your-email\"><input size=\"40\" maxlength=\"400\" class=\"wpcf7-form-control wpcf7-email wpcf7-validates-as-required wpcf7-text wpcf7-validates-as-email\" aria-required=\"true\" aria-invalid=\"false\" value=\"\" type=\"email\" name=\"your-email\" \/><\/span> <\/label>\n<\/p>\n<p><label> Numer NIP (opcjonalnie)<br \/>\n<span class=\"wpcf7-form-control-wrap\" data-name=\"nip-5\"><input size=\"40\" maxlength=\"400\" class=\"wpcf7-form-control wpcf7-text\" aria-invalid=\"false\" value=\"\" type=\"text\" name=\"nip-5\" \/><\/span><\/label>\n<\/p>\n<p><label> Temat prelekcji\/szkolenia<br \/>\n<span class=\"wpcf7-form-control-wrap\" data-name=\"your-subject\"><input size=\"40\" maxlength=\"400\" class=\"wpcf7-form-control wpcf7-text\" aria-invalid=\"false\" value=\"\" type=\"text\" name=\"your-subject\" \/><\/span> <\/label>\n<\/p>\n<p><label> Twoja wiadomo\u015b\u0107<br \/>\n<span class=\"wpcf7-form-control-wrap\" data-name=\"your-message\"><textarea cols=\"40\" rows=\"10\" maxlength=\"2000\" class=\"wpcf7-form-control wpcf7-textarea\" aria-invalid=\"false\" name=\"your-message\"><\/textarea><\/span> <\/label>\n<\/p>\n<p><span class=\"wpcf7-form-control-wrap\" data-name=\"checkbox-633\"><span class=\"wpcf7-form-control wpcf7-checkbox wpcf7-validates-as-required\"><span class=\"wpcf7-list-item first last\"><input type=\"checkbox\" name=\"checkbox-633[]\" value=\"Korzystaj\u0105c z formularza, zgadzasz si\u0119 na przechowywanie i przetwarzanie twoich danych przez witryn\u0119.\" \/><span class=\"wpcf7-list-item-label\">Korzystaj\u0105c z formularza, zgadzasz si\u0119 na przechowywanie i przetwarzanie twoich danych przez witryn\u0119.<\/span><\/span><\/span><\/span><a href=\"https:\/\/249challenge.com\/polityka-prywatnosci\">Polityka prywatno\u015bci<\/a>\n<\/p>\n<p><input class=\"wpcf7-form-control wpcf7-submit has-spinner\" type=\"submit\" value=\"Wy\u015blij zapytanie o wycen\u0119\" \/>\n<\/p><div class=\"wpcf7-response-output\" aria-hidden=\"true\"><\/div>\n<\/form>\n<\/div>\n[\/vc_column][\/vc_row]<\/p>\n<\/div>","protected":false},"excerpt":{"rendered":"<p>[vc_row][vc_column][\/vc_column][\/vc_row]<\/p>\n","protected":false},"author":2,"featured_media":0,"parent":0,"menu_order":0,"comment_status":"closed","ping_status":"closed","template":"","meta":{"footnotes":"","_wp_rev_ctl_limit":""},"class_list":["post-3179","page","type-page","status-publish","hentry"],"yoast_head":"<!-- This site is optimized with the Yoast SEO plugin v25.6 - https:\/\/yoast.com\/wordpress\/plugins\/seo\/ -->\n<title>Prelekcje\/szkolenia - 249challenge<\/title>\n<meta name=\"robots\" content=\"index, follow, max-snippet:-1, max-image-preview:large, max-video-preview:-1\" \/>\n<link rel=\"canonical\" href=\"https:\/\/249challenge.com\/prelekcje-szkolenia\/\" \/>\n<meta property=\"og:locale\" content=\"en_US\" \/>\n<meta property=\"og:type\" content=\"article\" \/>\n<meta property=\"og:title\" content=\"Prelekcje\/szkolenia - 249challenge\" \/>\n<meta property=\"og:description\" content=\"[vc_row][vc_column][\/vc_column][\/vc_row]\" \/>\n<meta property=\"og:url\" content=\"https:\/\/249challenge.com\/prelekcje-szkolenia\/\" \/>\n<meta property=\"og:site_name\" content=\"249challenge\" \/>\n<meta property=\"article:modified_time\" content=\"2022-04-05T09:50:46+00:00\" \/>\n<meta name=\"twitter:card\" content=\"summary_large_image\" \/>\n<script type=\"application\/ld+json\" class=\"yoast-schema-graph\">{\"@context\":\"https:\/\/schema.org\",\"@graph\":[{\"@type\":\"WebPage\",\"@id\":\"https:\/\/249challenge.com\/prelekcje-szkolenia\/\",\"url\":\"https:\/\/249challenge.com\/prelekcje-szkolenia\/\",\"name\":\"Prelekcje\/szkolenia - 249challenge\",\"isPartOf\":{\"@id\":\"https:\/\/249challenge.com\/#website\"},\"datePublished\":\"2022-04-05T09:06:43+00:00\",\"dateModified\":\"2022-04-05T09:50:46+00:00\",\"breadcrumb\":{\"@id\":\"https:\/\/249challenge.com\/prelekcje-szkolenia\/#breadcrumb\"},\"inLanguage\":\"en-US\",\"potentialAction\":[{\"@type\":\"ReadAction\",\"target\":[\"https:\/\/249challenge.com\/prelekcje-szkolenia\/\"]}]},{\"@type\":\"BreadcrumbList\",\"@id\":\"https:\/\/249challenge.com\/prelekcje-szkolenia\/#breadcrumb\",\"itemListElement\":[{\"@type\":\"ListItem\",\"position\":1,\"name\":\"Strona g\u0142\u00f3wna\",\"item\":\"https:\/\/249challenge.com\/\"},{\"@type\":\"ListItem\",\"position\":2,\"name\":\"Prelekcje\/szkolenia\"}]},{\"@type\":\"WebSite\",\"@id\":\"https:\/\/249challenge.com\/#website\",\"url\":\"https:\/\/249challenge.com\/\",\"name\":\"249challenge\",\"description\":\"Marathon in every country in the world.\",\"potentialAction\":[{\"@type\":\"SearchAction\",\"target\":{\"@type\":\"EntryPoint\",\"urlTemplate\":\"https:\/\/249challenge.com\/?s={search_term_string}\"},\"query-input\":{\"@type\":\"PropertyValueSpecification\",\"valueRequired\":true,\"valueName\":\"search_term_string\"}}],\"inLanguage\":\"en-US\"}]}<\/script>\n<!-- \/ Yoast SEO plugin. -->","yoast_head_json":{"title":"Prelekcje\/szkolenia - 249challenge","robots":{"index":"index","follow":"follow","max-snippet":"max-snippet:-1","max-image-preview":"max-image-preview:large","max-video-preview":"max-video-preview:-1"},"canonical":"https:\/\/249challenge.com\/prelekcje-szkolenia\/","og_locale":"en_US","og_type":"article","og_title":"Prelekcje\/szkolenia - 249challenge","og_description":"[vc_row][vc_column][\/vc_column][\/vc_row]","og_url":"https:\/\/249challenge.com\/prelekcje-szkolenia\/","og_site_name":"249challenge","article_modified_time":"2022-04-05T09:50:46+00:00","twitter_card":"summary_large_image","schema":{"@context":"https:\/\/schema.org","@graph":[{"@type":"WebPage","@id":"https:\/\/249challenge.com\/prelekcje-szkolenia\/","url":"https:\/\/249challenge.com\/prelekcje-szkolenia\/","name":"Prelekcje\/szkolenia - 249challenge","isPartOf":{"@id":"https:\/\/249challenge.com\/#website"},"datePublished":"2022-04-05T09:06:43+00:00","dateModified":"2022-04-05T09:50:46+00:00","breadcrumb":{"@id":"https:\/\/249challenge.com\/prelekcje-szkolenia\/#breadcrumb"},"inLanguage":"en-US","potentialAction":[{"@type":"ReadAction","target":["https:\/\/249challenge.com\/prelekcje-szkolenia\/"]}]},{"@type":"BreadcrumbList","@id":"https:\/\/249challenge.com\/prelekcje-szkolenia\/#breadcrumb","itemListElement":[{"@type":"ListItem","position":1,"name":"Strona g\u0142\u00f3wna","item":"https:\/\/249challenge.com\/"},{"@type":"ListItem","position":2,"name":"Prelekcje\/szkolenia"}]},{"@type":"WebSite","@id":"https:\/\/249challenge.com\/#website","url":"https:\/\/249challenge.com\/","name":"249challenge","description":"Marathon in every country in the world.","potentialAction":[{"@type":"SearchAction","target":{"@type":"EntryPoint","urlTemplate":"https:\/\/249challenge.com\/?s={search_term_string}"},"query-input":{"@type":"PropertyValueSpecification","valueRequired":true,"valueName":"search_term_string"}}],"inLanguage":"en-US"}]}},"_links":{"self":[{"href":"https:\/\/249challenge.com\/en\/wp-json\/wp\/v2\/pages\/3179"}],"collection":[{"href":"https:\/\/249challenge.com\/en\/wp-json\/wp\/v2\/pages"}],"about":[{"href":"https:\/\/249challenge.com\/en\/wp-json\/wp\/v2\/types\/page"}],"author":[{"embeddable":true,"href":"https:\/\/249challenge.com\/en\/wp-json\/wp\/v2\/users\/2"}],"replies":[{"embeddable":true,"href":"https:\/\/249challenge.com\/en\/wp-json\/wp\/v2\/comments?post=3179"}],"version-history":[{"count":3,"href":"https:\/\/249challenge.com\/en\/wp-json\/wp\/v2\/pages\/3179\/revisions"}],"predecessor-version":[{"id":3214,"href":"https:\/\/249challenge.com\/en\/wp-json\/wp\/v2\/pages\/3179\/revisions\/3214"}],"wp:attachment":[{"href":"https:\/\/249challenge.com\/en\/wp-json\/wp\/v2\/media?parent=3179"}],"curies":[{"name":"wp","href":"https:\/\/api.w.org\/{rel}","templated":true}]}}