{"id":17,"date":"2018-05-10T12:30:02","date_gmt":"2018-05-10T10:30:02","guid":{"rendered":"https:\/\/249challenge.com\/?page_id=17"},"modified":"2018-10-09T09:31:09","modified_gmt":"2018-10-09T07:31:09","slug":"wspolpraca","status":"publish","type":"page","link":"https:\/\/249challenge.com\/en\/wspolpraca\/","title":{"rendered":"Cooperation"},"content":{"rendered":"<div class=\"wpb-content-wrapper\"><p>[vc_row][vc_column][vc_column_text]<strong>I am really pleased you have visited my site.<\/strong> If you think your product, service or challenge relates, do not hesitate and contact me. <strong>Together we can achieve more.<\/strong><\/p>\n<p>The <strong>249Challenge<\/strong> project is a long-term venture. That is why I am eager to <strong>establish co-operation with brands that are interested in quality and that look ahead. Time and quantity do not play a major role here.<\/strong>[\/vc_column_text]<div class=\"boc_spacing \" style=\"height: 20px\"><\/div><h2 class=\"boc_heading  al_left  \"  style=\"margin-bottom: 20px;margin-top: 0px;color: #333333;font-size: 24px;\"><span>Ready to set off together? <strong>Please find below the potential areas of cooperation:<\/strong><\/span><\/h2><div class=\"boc_divider_holder\"><div class=\"boc_divider  \"  style=\"margin-top: 20px;margin-bottom: 20px;width: 200px;height: 1px;background: #eeeeee;\"><\/div><\/div><div class=\"boc_list_item  \"  style=\"margin-bottom: 10px;\">\r\n\t\t\t\t\t<span class=\"li_icon normal  icon_solid\" style=\"\"><i class=\"icon icon-check2\" style=\"\"><\/i><\/span>\r\n\t\t\t\t\t<div class=\"boc_list_item_text normal\">strategic partnership of the project (your logo on clothing, photographs with your banners, other dedicated marketing activities);<\/div>\r\n\t\t\t\t   <\/div><div class=\"boc_list_item  \"  style=\"margin-bottom: 10px;\">\r\n\t\t\t\t\t<span class=\"li_icon normal  icon_solid\" style=\"\"><i class=\"icon icon-check2\" style=\"\"><\/i><\/span>\r\n\t\t\t\t\t<div class=\"boc_list_item_text normal\">organisation of customised individual trips and expeditions including incentive travel aimed at corporations;<\/div>\r\n\t\t\t\t   <\/div><div class=\"boc_list_item  \"  style=\"margin-bottom: 10px;\">\r\n\t\t\t\t\t<span class=\"li_icon normal  icon_solid\" style=\"\"><i class=\"icon icon-check2\" style=\"\"><\/i><\/span>\r\n\t\t\t\t\t<div class=\"boc_list_item_text normal\">text writing for magazines, journals or portals;<\/div>\r\n\t\t\t\t   <\/div><div class=\"boc_list_item  \"  style=\"margin-bottom: 10px;\">\r\n\t\t\t\t\t<span class=\"li_icon normal  icon_solid\" style=\"\"><i class=\"icon icon-check2\" style=\"\"><\/i><\/span>\r\n\t\t\t\t\t<div class=\"boc_list_item_text normal\">customised advertising campaigns of products and services; <\/div>\r\n\t\t\t\t   <\/div><div class=\"boc_list_item  \"  style=\"margin-bottom: 10px;\">\r\n\t\t\t\t\t<span class=\"li_icon normal  icon_solid\" style=\"\"><i class=\"icon icon-check2\" style=\"\"><\/i><\/span>\r\n\t\t\t\t\t<div class=\"boc_list_item_text normal\">recommendations or reviews of travel related products or services <strong>(tested by me)<\/strong>;<\/div>\r\n\t\t\t\t   <\/div><div class=\"boc_list_item  \"  style=\"margin-bottom: 10px;\">\r\n\t\t\t\t\t<span class=\"li_icon normal  icon_solid\" style=\"\"><i class=\"icon icon-check2\" style=\"\"><\/i><\/span>\r\n\t\t\t\t\t<div class=\"boc_list_item_text normal\">travelling and running related events, lectures, motivation trainings, travel seminars and shows aimed at schools, companies, offices, institutions and organisations; a coaching component (developing abilities to make decisions, increasing motivation, teaching how to realise goals and showing how to cope with stress).<br \/>\n<\/div>\r\n\t\t\t\t   <\/div><div class=\"boc_spacing \" style=\"height: 40px\"><\/div><h2 class=\"boc_heading  al_left  \"  style=\"margin-bottom: 20px;margin-top: 0px;color: #333333;font-size: 24px;\"><span><strong>Additionally:<\/strong><\/span><\/h2><div class=\"boc_divider_holder\"><div class=\"boc_divider  \"  style=\"margin-top: 20px;margin-bottom: 20px;width: 200px;height: 1px;background: #eeeeee;\"><\/div><\/div><div class=\"boc_list_item  \"  style=\"margin-bottom: 10px;\">\r\n\t\t\t\t\t<span class=\"li_icon normal  icon_solid\" style=\"\"><i class=\"icon icon-check2\" style=\"\"><\/i><\/span>\r\n\t\t\t\t\t<div class=\"boc_list_item_text normal\">I own approximately 100 thousand travel and running photographs that may be used for advertising (websites, leaflets, calendars, albums, posters or books);<\/div>\r\n\t\t\t\t   <\/div><div class=\"boc_list_item  \"  style=\"margin-bottom: 10px;\">\r\n\t\t\t\t\t<span class=\"li_icon normal  icon_solid\" style=\"\"><i class=\"icon icon-check2\" style=\"\"><\/i><\/span>\r\n\t\t\t\t\t<div class=\"boc_list_item_text normal\">It is possible to join actions that are now being realised. Should you need to create dedicated photo-video material to be used while promoting your product or service, get in touch with me and we can together analysed opportunities resulting from my present expedition;<\/div>\r\n\t\t\t\t   <\/div><div class=\"boc_list_item  \"  style=\"margin-bottom: 10px;\">\r\n\t\t\t\t\t<span class=\"li_icon normal  icon_solid\" style=\"\"><i class=\"icon icon-check2\" style=\"\"><\/i><\/span>\r\n\t\t\t\t\t<div class=\"boc_list_item_text normal\">I am writing three books at the moment. You are more than welcome to support them as a sponsor.<\/div>\r\n\t\t\t\t   <\/div>[\/vc_column][\/vc_row][vc_row full_width=&#8221;stretch_row&#8221; disable_element=&#8221;yes&#8221; css=&#8221;.vc_custom_1527665720156{margin-bottom: 0px !important;padding-top: 20px !important;padding-bottom: 40px !important;background-color: #204d6c !important;}&#8221;][vc_column width=&#8221;5\/6&#8243;]<h2 class=\"boc_heading  al_left  \"  style=\"margin-bottom: 20px;margin-top: 0px;color: #ffffff;\"><span>Zobacz kraje, kt\u00f3re chc\u0119 odwiedzi\u0107 i wesprzyj mnie!<\/span><\/h2>[\/vc_column][vc_column width=&#8221;1\/6&#8243;]<a\thref=\"https:\/\/249challenge.com\/wesprzyj-projekt\/\" \n\t\t\t\tclass=\"button btn_huge btn_white btn_rounded btn_outline    \"  target='_self'><span>Wesprzyj projekt<\/span><\/a>[\/vc_column][\/vc_row]<\/p>\n<\/div>","protected":false},"excerpt":{"rendered":"<p>[vc_row][vc_column][vc_column_text]I am really pleased you have visited my site. If you think your product, service or challenge relates, do not hesitate and contact me. Together we can achieve more. The 249Challenge project is a long-term venture. That is why I am eager to establish co-operation with brands that are interested in quality and that look ahead. Time and quantity do<\/p>\n<div class=\"h10\"><\/div>\n<p><a class=\"more-link2\" href=\"https:\/\/249challenge.com\/en\/wspolpraca\/\">Read more<\/a><\/p>\n","protected":false},"author":2,"featured_media":0,"parent":0,"menu_order":0,"comment_status":"closed","ping_status":"closed","template":"","meta":{"footnotes":"","_wp_rev_ctl_limit":""},"class_list":["post-17","page","type-page","status-publish","hentry"],"yoast_head":"<!-- This site is optimized with the Yoast SEO plugin v25.6 - https:\/\/yoast.com\/wordpress\/plugins\/seo\/ -->\n<title>Cooperation - 249challenge<\/title>\n<meta name=\"robots\" content=\"index, follow, max-snippet:-1, max-image-preview:large, max-video-preview:-1\" \/>\n<link rel=\"canonical\" href=\"https:\/\/249challenge.com\/wspolpraca\/\" \/>\n<meta property=\"og:locale\" content=\"en_US\" \/>\n<meta property=\"og:type\" content=\"article\" \/>\n<meta property=\"og:title\" content=\"Cooperation - 249challenge\" \/>\n<meta property=\"og:description\" content=\"[vc_row][vc_column][vc_column_text]I am really pleased you have visited my site. If you think your product, service or challenge relates, do not hesitate and contact me. Together we can achieve more. The 249Challenge project is a long-term venture. That is why I am eager to establish co-operation with brands that are interested in quality and that look ahead. Time and quantity doRead more\" \/>\n<meta property=\"og:url\" content=\"https:\/\/249challenge.com\/wspolpraca\/\" \/>\n<meta property=\"og:site_name\" content=\"249challenge\" \/>\n<meta property=\"article:modified_time\" content=\"2018-10-09T07:31:09+00:00\" \/>\n<meta name=\"twitter:card\" content=\"summary_large_image\" \/>\n<meta name=\"twitter:label1\" content=\"Est. reading time\" \/>\n\t<meta name=\"twitter:data1\" content=\"5 minutes\" \/>\n<script type=\"application\/ld+json\" class=\"yoast-schema-graph\">{\"@context\":\"https:\/\/schema.org\",\"@graph\":[{\"@type\":\"WebPage\",\"@id\":\"https:\/\/249challenge.com\/wspolpraca\/\",\"url\":\"https:\/\/249challenge.com\/wspolpraca\/\",\"name\":\"Cooperation - 249challenge\",\"isPartOf\":{\"@id\":\"https:\/\/249challenge.com\/#website\"},\"datePublished\":\"2018-05-10T10:30:02+00:00\",\"dateModified\":\"2018-10-09T07:31:09+00:00\",\"breadcrumb\":{\"@id\":\"https:\/\/249challenge.com\/wspolpraca\/#breadcrumb\"},\"inLanguage\":\"en-US\",\"potentialAction\":[{\"@type\":\"ReadAction\",\"target\":[\"https:\/\/249challenge.com\/wspolpraca\/\"]}]},{\"@type\":\"BreadcrumbList\",\"@id\":\"https:\/\/249challenge.com\/wspolpraca\/#breadcrumb\",\"itemListElement\":[{\"@type\":\"ListItem\",\"position\":1,\"name\":\"Strona g\u0142\u00f3wna\",\"item\":\"https:\/\/249challenge.com\/\"},{\"@type\":\"ListItem\",\"position\":2,\"name\":\"Wsp\u00f3\u0142praca\"}]},{\"@type\":\"WebSite\",\"@id\":\"https:\/\/249challenge.com\/#website\",\"url\":\"https:\/\/249challenge.com\/\",\"name\":\"249challenge\",\"description\":\"Marathon in every country in the world.\",\"potentialAction\":[{\"@type\":\"SearchAction\",\"target\":{\"@type\":\"EntryPoint\",\"urlTemplate\":\"https:\/\/249challenge.com\/?s={search_term_string}\"},\"query-input\":{\"@type\":\"PropertyValueSpecification\",\"valueRequired\":true,\"valueName\":\"search_term_string\"}}],\"inLanguage\":\"en-US\"}]}<\/script>\n<!-- \/ Yoast SEO plugin. -->","yoast_head_json":{"title":"Cooperation - 249challenge","robots":{"index":"index","follow":"follow","max-snippet":"max-snippet:-1","max-image-preview":"max-image-preview:large","max-video-preview":"max-video-preview:-1"},"canonical":"https:\/\/249challenge.com\/wspolpraca\/","og_locale":"en_US","og_type":"article","og_title":"Cooperation - 249challenge","og_description":"[vc_row][vc_column][vc_column_text]I am really pleased you have visited my site. If you think your product, service or challenge relates, do not hesitate and contact me. Together we can achieve more. The 249Challenge project is a long-term venture. That is why I am eager to establish co-operation with brands that are interested in quality and that look ahead. Time and quantity doRead more","og_url":"https:\/\/249challenge.com\/wspolpraca\/","og_site_name":"249challenge","article_modified_time":"2018-10-09T07:31:09+00:00","twitter_card":"summary_large_image","twitter_misc":{"Est. reading time":"5 minutes"},"schema":{"@context":"https:\/\/schema.org","@graph":[{"@type":"WebPage","@id":"https:\/\/249challenge.com\/wspolpraca\/","url":"https:\/\/249challenge.com\/wspolpraca\/","name":"Cooperation - 249challenge","isPartOf":{"@id":"https:\/\/249challenge.com\/#website"},"datePublished":"2018-05-10T10:30:02+00:00","dateModified":"2018-10-09T07:31:09+00:00","breadcrumb":{"@id":"https:\/\/249challenge.com\/wspolpraca\/#breadcrumb"},"inLanguage":"en-US","potentialAction":[{"@type":"ReadAction","target":["https:\/\/249challenge.com\/wspolpraca\/"]}]},{"@type":"BreadcrumbList","@id":"https:\/\/249challenge.com\/wspolpraca\/#breadcrumb","itemListElement":[{"@type":"ListItem","position":1,"name":"Strona g\u0142\u00f3wna","item":"https:\/\/249challenge.com\/"},{"@type":"ListItem","position":2,"name":"Wsp\u00f3\u0142praca"}]},{"@type":"WebSite","@id":"https:\/\/249challenge.com\/#website","url":"https:\/\/249challenge.com\/","name":"249challenge","description":"Marathon in every country in the world.","potentialAction":[{"@type":"SearchAction","target":{"@type":"EntryPoint","urlTemplate":"https:\/\/249challenge.com\/?s={search_term_string}"},"query-input":{"@type":"PropertyValueSpecification","valueRequired":true,"valueName":"search_term_string"}}],"inLanguage":"en-US"}]}},"_links":{"self":[{"href":"https:\/\/249challenge.com\/en\/wp-json\/wp\/v2\/pages\/17"}],"collection":[{"href":"https:\/\/249challenge.com\/en\/wp-json\/wp\/v2\/pages"}],"about":[{"href":"https:\/\/249challenge.com\/en\/wp-json\/wp\/v2\/types\/page"}],"author":[{"embeddable":true,"href":"https:\/\/249challenge.com\/en\/wp-json\/wp\/v2\/users\/2"}],"replies":[{"embeddable":true,"href":"https:\/\/249challenge.com\/en\/wp-json\/wp\/v2\/comments?post=17"}],"version-history":[{"count":0,"href":"https:\/\/249challenge.com\/en\/wp-json\/wp\/v2\/pages\/17\/revisions"}],"wp:attachment":[{"href":"https:\/\/249challenge.com\/en\/wp-json\/wp\/v2\/media?parent=17"}],"curies":[{"name":"wp","href":"https:\/\/api.w.org\/{rel}","templated":true}]}}